{"id":4950,"date":"2025-11-24T11:14:32","date_gmt":"2025-11-24T10:14:32","guid":{"rendered":"https:\/\/illotstudio.com\/process\/"},"modified":"2026-03-19T11:03:35","modified_gmt":"2026-03-19T10:03:35","slug":"process","status":"publish","type":"page","link":"https:\/\/illotstudio.com\/es\/estudio\/process\/","title":{"rendered":"Proceso"},"content":{"rendered":"\t\t<div data-elementor-type=\"wp-page\" data-elementor-id=\"4950\" class=\"elementor elementor-4950 elementor-225\" data-elementor-post-type=\"page\">\n\t\t\t\t<div class=\"elementor-element elementor-element-5c40a65 e-flex e-con-boxed e-con e-parent\" data-id=\"5c40a65\" data-element_type=\"container\" data-e-type=\"container\" data-settings=\"{&quot;background_background&quot;:&quot;classic&quot;}\">\n\t\t\t\t\t<div class=\"e-con-inner\">\n\t\t<div class=\"elementor-element elementor-element-fccdb74 e-flex e-con-boxed e-con e-child\" data-id=\"fccdb74\" data-element_type=\"container\" data-e-type=\"container\">\n\t\t\t\t\t<div class=\"e-con-inner\">\n\t\t<div class=\"elementor-element elementor-element-97fd67e e-con-full e-flex e-con e-child\" data-id=\"97fd67e\" data-element_type=\"container\" data-e-type=\"container\">\n\t\t\t\t<div class=\"elementor-element elementor-element-27d6e90 elementor-widget elementor-widget-heading\" data-id=\"27d6e90\" data-element_type=\"widget\" data-e-type=\"widget\" data-widget_type=\"heading.default\">\n\t\t\t\t\t<h1 class=\"elementor-heading-title elementor-size-default\">Proceso<\/h1>\t\t\t\t<\/div>\n\t\t\t\t<\/div>\n\t\t<div class=\"elementor-element elementor-element-e89c27e e-con-full e-flex e-con e-child\" data-id=\"e89c27e\" data-element_type=\"container\" data-e-type=\"container\">\n\t\t\t\t<div class=\"elementor-element elementor-element-107904d elementor-widget elementor-widget-text-editor\" data-id=\"107904d\" data-element_type=\"widget\" data-e-type=\"widget\" data-widget_type=\"text-editor.default\">\n\t\t\t\t\t\t\t\t\t<p>En Illot Studio creemos que la arquitectura es un viaje colaborativo. Nuestro proceso est\u00e1 dise\u00f1ado para plasmar su visi\u00f3n en un refinado refugio mediterr\u00e1neo mediante un enfoque claro y por fases. Combinamos el car\u00e1cter tradicional ibicenco con los principios minimalistas modernos, guiando cada proyecto desde el primer boceto a mano hasta el \u00faltimo detalle de la construcci\u00f3n.  <\/p>\t\t\t\t\t\t\t\t<\/div>\n\t\t\t\t<\/div>\n\t\t\t\t\t<\/div>\n\t\t\t\t<\/div>\n\t\t\t\t\t<\/div>\n\t\t\t\t<\/div>\n\t\t<div class=\"elementor-element elementor-element-e2fa648 e-flex e-con-boxed e-con e-parent\" data-id=\"e2fa648\" data-element_type=\"container\" data-e-type=\"container\" data-settings=\"{&quot;background_background&quot;:&quot;classic&quot;}\">\n\t\t\t\t\t<div class=\"e-con-inner\">\n\t\t<div class=\"elementor-element elementor-element-61a65d8 e-con-full e-flex e-con e-child\" data-id=\"61a65d8\" data-element_type=\"container\" data-e-type=\"container\">\n\t\t\t\t<div class=\"elementor-element elementor-element-182108b elementor-widget elementor-widget-heading\" data-id=\"182108b\" data-element_type=\"widget\" data-e-type=\"widget\" data-widget_type=\"heading.default\">\n\t\t\t\t\t<h2 class=\"elementor-heading-title elementor-size-default\">1. CONSULTA Y AN\u00c1LISIS DE NECESIDADES<\/h2>\t\t\t\t<\/div>\n\t\t\t\t<div class=\"elementor-element elementor-element-b57981a elementor-widget elementor-widget-heading\" data-id=\"b57981a\" data-element_type=\"widget\" data-e-type=\"widget\" data-widget_type=\"heading.default\">\n\t\t\t\t\t<h3 class=\"elementor-heading-title elementor-size-default\"> Sentar las bases<\/h3>\t\t\t\t<\/div>\n\t\t\t\t<div class=\"elementor-element elementor-element-834d0b8 elementor-widget elementor-widget-text-editor\" data-id=\"834d0b8\" data-element_type=\"widget\" data-e-type=\"widget\" data-widget_type=\"text-editor.default\">\n\t\t\t\t\t\t\t\t\t<p class=\"pf0\">El proceso comienza con un an\u00e1lisis en profundidad de su visi\u00f3n. Nos reunimos para hablar de sus objetivos, sus preferencias est\u00e9ticas y sus necesidades funcionales. Al analizar desde el principio los requisitos del espacio y las limitaciones presupuestarias, nos aseguramos de que el proyecto sea viable y se adapte perfectamente a su estilo de vida o a los objetivos de su negocio.  <\/p>\t\t\t\t\t\t\t\t<\/div>\n\t\t\t\t<\/div>\n\t\t<div class=\"elementor-element elementor-element-945b2fd e-con-full e-flex e-con e-child\" data-id=\"945b2fd\" data-element_type=\"container\" data-e-type=\"container\" data-settings=\"{&quot;background_background&quot;:&quot;slideshow&quot;,&quot;background_slideshow_gallery&quot;:[],&quot;background_slideshow_loop&quot;:&quot;yes&quot;,&quot;background_slideshow_slide_duration&quot;:5000,&quot;background_slideshow_slide_transition&quot;:&quot;fade&quot;,&quot;background_slideshow_transition_duration&quot;:500}\">\n\t\t\t\t<div class=\"elementor-element elementor-element-a8946a9 elementor-widget elementor-widget-image\" data-id=\"a8946a9\" data-element_type=\"widget\" data-e-type=\"widget\" data-widget_type=\"image.default\">\n\t\t\t\t\t\t\t\t\t\t\t\t\t\t\t<img fetchpriority=\"high\" decoding=\"async\" width=\"1920\" height=\"1281\" src=\"https:\/\/illotstudio.com\/wp-content\/uploads\/2025\/11\/Banner-process.webp\" class=\"attachment-full size-full wp-image-4610\" alt=\"\" srcset=\"https:\/\/illotstudio.com\/wp-content\/uploads\/2025\/11\/Banner-process.webp 1920w, https:\/\/illotstudio.com\/wp-content\/uploads\/2025\/11\/Banner-process-1200.webp 1200w, https:\/\/illotstudio.com\/wp-content\/uploads\/2025\/11\/Banner-process-600.webp 600w, https:\/\/illotstudio.com\/wp-content\/uploads\/2025\/11\/Banner-process-300.webp 300w, https:\/\/illotstudio.com\/wp-content\/uploads\/2025\/11\/Banner-process-150x150.webp 150w\" sizes=\"(max-width: 1920px) 100vw, 1920px\" \/>\t\t\t\t\t\t\t\t\t\t\t\t\t\t\t<\/div>\n\t\t\t\t<\/div>\n\t\t\t\t\t<\/div>\n\t\t\t\t<\/div>\n\t\t<div class=\"elementor-element elementor-element-dd100c3 e-flex e-con-boxed e-con e-parent\" data-id=\"dd100c3\" data-element_type=\"container\" data-e-type=\"container\" data-settings=\"{&quot;background_background&quot;:&quot;classic&quot;}\">\n\t\t\t\t\t<div class=\"e-con-inner\">\n\t\t<div class=\"elementor-element elementor-element-1bec408 e-con-full e-flex e-con e-child\" data-id=\"1bec408\" data-element_type=\"container\" data-e-type=\"container\" data-settings=\"{&quot;background_background&quot;:&quot;slideshow&quot;,&quot;background_slideshow_gallery&quot;:[],&quot;background_slideshow_loop&quot;:&quot;yes&quot;,&quot;background_slideshow_slide_duration&quot;:5000,&quot;background_slideshow_slide_transition&quot;:&quot;fade&quot;,&quot;background_slideshow_transition_duration&quot;:500}\">\n\t\t\t\t<div class=\"elementor-element elementor-element-872b0bf elementor-widget elementor-widget-image\" data-id=\"872b0bf\" data-element_type=\"widget\" data-e-type=\"widget\" data-widget_type=\"image.default\">\n\t\t\t\t\t\t\t\t\t\t\t\t\t\t\t<img decoding=\"async\" width=\"1225\" height=\"817\" src=\"https:\/\/illotstudio.com\/wp-content\/uploads\/2026\/03\/CONCEPTUAL-DESIGN-and-SCHEMATIC-DESIGN.webp\" class=\"attachment-full size-full wp-image-4934\" alt=\"\" srcset=\"https:\/\/illotstudio.com\/wp-content\/uploads\/2026\/03\/CONCEPTUAL-DESIGN-and-SCHEMATIC-DESIGN.webp 1225w, https:\/\/illotstudio.com\/wp-content\/uploads\/2026\/03\/CONCEPTUAL-DESIGN-and-SCHEMATIC-DESIGN-1200.webp 1200w, https:\/\/illotstudio.com\/wp-content\/uploads\/2026\/03\/CONCEPTUAL-DESIGN-and-SCHEMATIC-DESIGN-600.webp 600w, https:\/\/illotstudio.com\/wp-content\/uploads\/2026\/03\/CONCEPTUAL-DESIGN-and-SCHEMATIC-DESIGN-300.webp 300w, https:\/\/illotstudio.com\/wp-content\/uploads\/2026\/03\/CONCEPTUAL-DESIGN-and-SCHEMATIC-DESIGN-150x150.webp 150w\" sizes=\"(max-width: 1225px) 100vw, 1225px\" \/>\t\t\t\t\t\t\t\t\t\t\t\t\t\t\t<\/div>\n\t\t\t\t<\/div>\n\t\t<div class=\"elementor-element elementor-element-689aebf e-con-full e-flex e-con e-child\" data-id=\"689aebf\" data-element_type=\"container\" data-e-type=\"container\">\n\t\t\t\t<div class=\"elementor-element elementor-element-7be269a elementor-widget elementor-widget-heading\" data-id=\"7be269a\" data-element_type=\"widget\" data-e-type=\"widget\" data-widget_type=\"heading.default\">\n\t\t\t\t\t<h2 class=\"elementor-heading-title elementor-size-default\">2. DISE\u00d1O CONCEPTUAL Y DISE\u00d1O ESQUEM\u00c1TICO<\/h2>\t\t\t\t<\/div>\n\t\t\t\t<div class=\"elementor-element elementor-element-d496847 elementor-widget elementor-widget-heading\" data-id=\"d496847\" data-element_type=\"widget\" data-e-type=\"widget\" data-widget_type=\"heading.default\">\n\t\t\t\t\t<h3 class=\"elementor-heading-title elementor-size-default\">Dar vida a las ideas<\/h3>\t\t\t\t<\/div>\n\t\t\t\t<div class=\"elementor-element elementor-element-14bd79d elementor-widget elementor-widget-text-editor\" data-id=\"14bd79d\" data-element_type=\"widget\" data-e-type=\"widget\" data-widget_type=\"text-editor.default\">\n\t\t\t\t\t\t\t\t\t<p class=\"pf0\">Durante esta fase creativa, plasmamos nuestras conversaciones iniciales en conceptos visuales. Desarrollamos planos espaciales y tableros de inspiraci\u00f3n para explorar el aspecto y el estilo de tu proyecto. Se trata de un proceso iterativo en el que perfeccionamos la \u00abvisi\u00f3n general\u00bb hasta que la l\u00ednea de dise\u00f1o te resulte totalmente satisfactoria.  <\/p>\t\t\t\t\t\t\t\t<\/div>\n\t\t\t\t<\/div>\n\t\t\t\t\t<\/div>\n\t\t\t\t<\/div>\n\t\t<div class=\"elementor-element elementor-element-af7aa9f e-flex e-con-boxed e-con e-parent\" data-id=\"af7aa9f\" data-element_type=\"container\" data-e-type=\"container\" data-settings=\"{&quot;background_background&quot;:&quot;classic&quot;}\">\n\t\t\t\t\t<div class=\"e-con-inner\">\n\t\t<div class=\"elementor-element elementor-element-47da836 e-con-full e-flex e-con e-child\" data-id=\"47da836\" data-element_type=\"container\" data-e-type=\"container\">\n\t\t\t\t<div class=\"elementor-element elementor-element-19e4548 elementor-widget elementor-widget-heading\" data-id=\"19e4548\" data-element_type=\"widget\" data-e-type=\"widget\" data-widget_type=\"heading.default\">\n\t\t\t\t\t<h2 class=\"elementor-heading-title elementor-size-default\">3. PROYECTO DE OBRA Y LICENCIAS<\/h2>\t\t\t\t<\/div>\n\t\t\t\t<div class=\"elementor-element elementor-element-3120aa5 elementor-widget elementor-widget-heading\" data-id=\"3120aa5\" data-element_type=\"widget\" data-e-type=\"widget\" data-widget_type=\"heading.default\">\n\t\t\t\t\t<h3 class=\"elementor-heading-title elementor-size-default\">Precisi\u00f3n y cumplimiento normativo<\/h3>\t\t\t\t<\/div>\n\t\t\t\t<div class=\"elementor-element elementor-element-78d49eb elementor-widget elementor-widget-text-editor\" data-id=\"78d49eb\" data-element_type=\"widget\" data-e-type=\"widget\" data-widget_type=\"text-editor.default\">\n\t\t\t\t\t\t\t\t\t<p class=\"pf0\">Una vez aprobado el proyecto, pasamos a la fase t\u00e9cnica. Elaboramos planos arquitect\u00f3nicos detallados, seleccionamos los materiales espec\u00edficos y ultimamos las especificaciones t\u00e9cnicas. Al mismo tiempo, nos encargamos de los tr\u00e1mites administrativos: gestionamos las solicitudes de permisos necesarias y nos aseguramos de que todos los dise\u00f1os cumplan con la normativa y los reglamentos de construcci\u00f3n locales.  <\/p>\t\t\t\t\t\t\t\t<\/div>\n\t\t\t\t<\/div>\n\t\t<div class=\"elementor-element elementor-element-bc8c1bd e-con-full e-flex e-con e-child\" data-id=\"bc8c1bd\" data-element_type=\"container\" data-e-type=\"container\" data-settings=\"{&quot;background_background&quot;:&quot;slideshow&quot;,&quot;background_slideshow_gallery&quot;:[],&quot;background_slideshow_loop&quot;:&quot;yes&quot;,&quot;background_slideshow_slide_duration&quot;:5000,&quot;background_slideshow_slide_transition&quot;:&quot;fade&quot;,&quot;background_slideshow_transition_duration&quot;:500}\">\n\t\t\t\t<div class=\"elementor-element elementor-element-2606d23 elementor-widget elementor-widget-image\" data-id=\"2606d23\" data-element_type=\"widget\" data-e-type=\"widget\" data-widget_type=\"image.default\">\n\t\t\t\t\t\t\t\t\t\t\t\t\t\t\t<img decoding=\"async\" width=\"1225\" height=\"817\" src=\"https:\/\/illotstudio.com\/wp-content\/uploads\/2026\/03\/DETAILED-DESIGN-PERMITS\u200b.webp\" class=\"attachment-full size-full wp-image-4936\" alt=\"\" srcset=\"https:\/\/illotstudio.com\/wp-content\/uploads\/2026\/03\/DETAILED-DESIGN-PERMITS\u200b.webp 1225w, https:\/\/illotstudio.com\/wp-content\/uploads\/2026\/03\/DETAILED-DESIGN-PERMITS\u200b-1200.webp 1200w, https:\/\/illotstudio.com\/wp-content\/uploads\/2026\/03\/DETAILED-DESIGN-PERMITS\u200b-600.webp 600w, https:\/\/illotstudio.com\/wp-content\/uploads\/2026\/03\/DETAILED-DESIGN-PERMITS\u200b-300.webp 300w, https:\/\/illotstudio.com\/wp-content\/uploads\/2026\/03\/DETAILED-DESIGN-PERMITS\u200b-150x150.webp 150w\" sizes=\"(max-width: 1225px) 100vw, 1225px\" \/>\t\t\t\t\t\t\t\t\t\t\t\t\t\t\t<\/div>\n\t\t\t\t<\/div>\n\t\t\t\t\t<\/div>\n\t\t\t\t<\/div>\n\t\t<div class=\"elementor-element elementor-element-be8c41d e-flex e-con-boxed e-con e-parent\" data-id=\"be8c41d\" data-element_type=\"container\" data-e-type=\"container\" data-settings=\"{&quot;background_background&quot;:&quot;classic&quot;}\">\n\t\t\t\t\t<div class=\"e-con-inner\">\n\t\t<div class=\"elementor-element elementor-element-1d9b131 e-con-full e-flex e-con e-child\" data-id=\"1d9b131\" data-element_type=\"container\" data-e-type=\"container\" data-settings=\"{&quot;background_background&quot;:&quot;slideshow&quot;,&quot;background_slideshow_gallery&quot;:[],&quot;background_slideshow_loop&quot;:&quot;yes&quot;,&quot;background_slideshow_slide_duration&quot;:5000,&quot;background_slideshow_slide_transition&quot;:&quot;fade&quot;,&quot;background_slideshow_transition_duration&quot;:500}\">\n\t\t\t\t<div class=\"elementor-element elementor-element-b03b409 elementor-widget elementor-widget-image\" data-id=\"b03b409\" data-element_type=\"widget\" data-e-type=\"widget\" data-widget_type=\"image.default\">\n\t\t\t\t\t\t\t\t\t\t\t\t\t\t\t<img loading=\"lazy\" decoding=\"async\" width=\"1225\" height=\"833\" src=\"https:\/\/illotstudio.com\/wp-content\/uploads\/2026\/03\/CONSTRUCTION-MANAGEMENT-COORDINATION-2.webp\" class=\"attachment-full size-full wp-image-4940\" alt=\"\" srcset=\"https:\/\/illotstudio.com\/wp-content\/uploads\/2026\/03\/CONSTRUCTION-MANAGEMENT-COORDINATION-2.webp 1225w, https:\/\/illotstudio.com\/wp-content\/uploads\/2026\/03\/CONSTRUCTION-MANAGEMENT-COORDINATION-2-1200.webp 1200w, https:\/\/illotstudio.com\/wp-content\/uploads\/2026\/03\/CONSTRUCTION-MANAGEMENT-COORDINATION-2-600.webp 600w, https:\/\/illotstudio.com\/wp-content\/uploads\/2026\/03\/CONSTRUCTION-MANAGEMENT-COORDINATION-2-300.webp 300w, https:\/\/illotstudio.com\/wp-content\/uploads\/2026\/03\/CONSTRUCTION-MANAGEMENT-COORDINATION-2-150x150.webp 150w\" sizes=\"(max-width: 1225px) 100vw, 1225px\" \/>\t\t\t\t\t\t\t\t\t\t\t\t\t\t\t<\/div>\n\t\t\t\t<\/div>\n\t\t<div class=\"elementor-element elementor-element-1c7eafa e-con-full e-flex e-con e-child\" data-id=\"1c7eafa\" data-element_type=\"container\" data-e-type=\"container\">\n\t\t\t\t<div class=\"elementor-element elementor-element-ba8e90c elementor-widget elementor-widget-heading\" data-id=\"ba8e90c\" data-element_type=\"widget\" data-e-type=\"widget\" data-widget_type=\"heading.default\">\n\t\t\t\t\t<h2 class=\"elementor-heading-title elementor-size-default\">4. GESTI\u00d3N Y COORDINACI\u00d3N DE LA CONSTRUCCI\u00d3N<\/h2>\t\t\t\t<\/div>\n\t\t\t\t<div class=\"elementor-element elementor-element-b1ef4fe elementor-widget elementor-widget-heading\" data-id=\"b1ef4fe\" data-element_type=\"widget\" data-e-type=\"widget\" data-widget_type=\"heading.default\">\n\t\t\t\t\t<h3 class=\"elementor-heading-title elementor-size-default\">Convertir los planes en realidad<\/h3>\t\t\t\t<\/div>\n\t\t\t\t<div class=\"elementor-element elementor-element-c6a79f9 elementor-widget elementor-widget-text-editor\" data-id=\"c6a79f9\" data-element_type=\"widget\" data-e-type=\"widget\" data-widget_type=\"text-editor.default\">\n\t\t\t\t\t\t\t\t\t<p class=\"pf0\">Durante la construcci\u00f3n, llevamos a cabo una supervisi\u00f3n peri\u00f3dica de la obra para garantizar que el proyecto se ejecute con el m\u00e1ximo nivel de calidad. Colaboramos estrechamente con los profesionales especializados para controlar la calidad de la madera, la piedra y los acabados minerales a medida que se van aplicando. Esta coordinaci\u00f3n constante nos permite mantener un estricto control de calidad, de modo que cada detalle cumpla con nuestros exigentes est\u00e1ndares.  <\/p>\t\t\t\t\t\t\t\t<\/div>\n\t\t\t\t<\/div>\n\t\t\t\t\t<\/div>\n\t\t\t\t<\/div>\n\t\t<div class=\"elementor-element elementor-element-785667d e-flex e-con-boxed e-con e-parent\" data-id=\"785667d\" data-element_type=\"container\" data-e-type=\"container\" data-settings=\"{&quot;background_background&quot;:&quot;classic&quot;}\">\n\t\t\t\t\t<div class=\"e-con-inner\">\n\t\t<div class=\"elementor-element elementor-element-5a38a2a e-con-full e-flex e-con e-child\" data-id=\"5a38a2a\" data-element_type=\"container\" data-e-type=\"container\">\n\t\t\t\t<div class=\"elementor-element elementor-element-8695688 elementor-widget elementor-widget-heading\" data-id=\"8695688\" data-element_type=\"widget\" data-e-type=\"widget\" data-widget_type=\"heading.default\">\n\t\t\t\t\t<h2 class=\"elementor-heading-title elementor-size-default\">5. ENTREGA Y CERTIFICADOS<\/h2>\t\t\t\t<\/div>\n\t\t\t\t<div class=\"elementor-element elementor-element-26f731e elementor-widget elementor-widget-heading\" data-id=\"26f731e\" data-element_type=\"widget\" data-e-type=\"widget\" data-widget_type=\"heading.default\">\n\t\t\t\t\t<h3 class=\"elementor-heading-title elementor-size-default\">El hito final<\/h3>\t\t\t\t<\/div>\n\t\t\t\t<div class=\"elementor-element elementor-element-5841c77 elementor-widget elementor-widget-text-editor\" data-id=\"5841c77\" data-element_type=\"widget\" data-e-type=\"widget\" data-widget_type=\"text-editor.default\">\n\t\t\t\t\t\t\t\t\t<p class=\"pf0\">Antes de entregarle las llaves, llevamos a cabo una rigurosa inspecci\u00f3n final para asegurarnos de que todo est\u00e9 perfecto. Le proporcionamos todos los certificados de finalizaci\u00f3n, garant\u00edas y manuales de mantenimiento necesarios. Nuestro objetivo es que la transici\u00f3n sea fluida y que usted disponga de un espacio listo para disfrutar desde el primer d\u00eda.  <\/p>\t\t\t\t\t\t\t\t<\/div>\n\t\t\t\t<\/div>\n\t\t<div class=\"elementor-element elementor-element-7af7ece e-con-full e-flex e-con e-child\" data-id=\"7af7ece\" data-element_type=\"container\" data-e-type=\"container\" data-settings=\"{&quot;background_background&quot;:&quot;slideshow&quot;,&quot;background_slideshow_gallery&quot;:[],&quot;background_slideshow_loop&quot;:&quot;yes&quot;,&quot;background_slideshow_slide_duration&quot;:5000,&quot;background_slideshow_slide_transition&quot;:&quot;fade&quot;,&quot;background_slideshow_transition_duration&quot;:500}\">\n\t\t\t\t<div class=\"elementor-element elementor-element-6af79b6 elementor-widget elementor-widget-image\" data-id=\"6af79b6\" data-element_type=\"widget\" data-e-type=\"widget\" data-widget_type=\"image.default\">\n\t\t\t\t\t\t\t\t\t\t\t\t\t\t\t<img loading=\"lazy\" decoding=\"async\" width=\"1225\" height=\"838\" src=\"https:\/\/illotstudio.com\/wp-content\/uploads\/2026\/03\/HANDOVER-CERTIFICATES2.webp\" class=\"attachment-full size-full wp-image-4944\" alt=\"\" srcset=\"https:\/\/illotstudio.com\/wp-content\/uploads\/2026\/03\/HANDOVER-CERTIFICATES2.webp 1225w, https:\/\/illotstudio.com\/wp-content\/uploads\/2026\/03\/HANDOVER-CERTIFICATES2-1200.webp 1200w, https:\/\/illotstudio.com\/wp-content\/uploads\/2026\/03\/HANDOVER-CERTIFICATES2-600.webp 600w, https:\/\/illotstudio.com\/wp-content\/uploads\/2026\/03\/HANDOVER-CERTIFICATES2-300.webp 300w, https:\/\/illotstudio.com\/wp-content\/uploads\/2026\/03\/HANDOVER-CERTIFICATES2-150x150.webp 150w\" sizes=\"(max-width: 1225px) 100vw, 1225px\" \/>\t\t\t\t\t\t\t\t\t\t\t\t\t\t\t<\/div>\n\t\t\t\t<\/div>\n\t\t\t\t\t<\/div>\n\t\t\t\t<\/div>\n\t\t\t\t<\/div>\n\t\t","protected":false},"excerpt":{"rendered":"<p>Proceso En Illot Studio creemos que la arquitectura es un viaje colaborativo. Nuestro proceso est\u00e1 dise\u00f1ado para plasmar su visi\u00f3n en un refinado refugio mediterr\u00e1neo mediante un enfoque claro y por fases. Combinamos el car\u00e1cter tradicional ibicenco con los principios minimalistas modernos, guiando cada proyecto desde el primer boceto a mano hasta el \u00faltimo detalle [&hellip;]<\/p>\n","protected":false},"author":1,"featured_media":0,"parent":4974,"menu_order":0,"comment_status":"closed","ping_status":"closed","template":"","meta":{"footnotes":""},"class_list":["post-4950","page","type-page","status-publish","hentry"],"_hostinger_reach_plugin_has_subscription_block":false,"_hostinger_reach_plugin_is_elementor":false,"_links":{"self":[{"href":"https:\/\/illotstudio.com\/es\/wp-json\/wp\/v2\/pages\/4950","targetHints":{"allow":["GET"]}}],"collection":[{"href":"https:\/\/illotstudio.com\/es\/wp-json\/wp\/v2\/pages"}],"about":[{"href":"https:\/\/illotstudio.com\/es\/wp-json\/wp\/v2\/types\/page"}],"author":[{"embeddable":true,"href":"https:\/\/illotstudio.com\/es\/wp-json\/wp\/v2\/users\/1"}],"replies":[{"embeddable":true,"href":"https:\/\/illotstudio.com\/es\/wp-json\/wp\/v2\/comments?post=4950"}],"version-history":[{"count":3,"href":"https:\/\/illotstudio.com\/es\/wp-json\/wp\/v2\/pages\/4950\/revisions"}],"predecessor-version":[{"id":4959,"href":"https:\/\/illotstudio.com\/es\/wp-json\/wp\/v2\/pages\/4950\/revisions\/4959"}],"up":[{"embeddable":true,"href":"https:\/\/illotstudio.com\/es\/wp-json\/wp\/v2\/pages\/4974"}],"wp:attachment":[{"href":"https:\/\/illotstudio.com\/es\/wp-json\/wp\/v2\/media?parent=4950"}],"curies":[{"name":"wp","href":"https:\/\/api.w.org\/{rel}","templated":true}]}}