{"id":4624,"date":"2025-11-24T11:13:51","date_gmt":"2025-11-24T10:13:51","guid":{"rendered":"https:\/\/illotstudio.com\/equipo\/"},"modified":"2026-03-20T14:03:51","modified_gmt":"2026-03-20T13:03:51","slug":"equipo","status":"publish","type":"page","link":"https:\/\/illotstudio.com\/es\/estudio\/equipo\/","title":{"rendered":"Equipo"},"content":{"rendered":"\t\t<div data-elementor-type=\"wp-page\" data-elementor-id=\"4624\" class=\"elementor elementor-4624 elementor-223\" data-elementor-post-type=\"page\">\n\t\t\t\t<div class=\"elementor-element elementor-element-45527fe e-flex e-con-boxed e-con e-parent\" data-id=\"45527fe\" data-element_type=\"container\" data-e-type=\"container\" data-settings=\"{&quot;background_background&quot;:&quot;classic&quot;}\">\n\t\t\t\t\t<div class=\"e-con-inner\">\n\t\t\t\t\t<\/div>\n\t\t\t\t<\/div>\n\t\t<div class=\"elementor-element elementor-element-2a714c7 e-flex e-con-boxed e-con e-parent\" data-id=\"2a714c7\" data-element_type=\"container\" data-e-type=\"container\" data-settings=\"{&quot;background_background&quot;:&quot;classic&quot;}\">\n\t\t\t\t\t<div class=\"e-con-inner\">\n\t\t<div class=\"elementor-element elementor-element-23d4d6a e-con-full e-flex e-con e-child\" data-id=\"23d4d6a\" data-element_type=\"container\" data-e-type=\"container\" data-settings=\"{&quot;background_background&quot;:&quot;slideshow&quot;,&quot;background_slideshow_gallery&quot;:[],&quot;background_slideshow_loop&quot;:&quot;yes&quot;,&quot;background_slideshow_slide_duration&quot;:5000,&quot;background_slideshow_slide_transition&quot;:&quot;fade&quot;,&quot;background_slideshow_transition_duration&quot;:500}\">\n\t\t\t\t<div class=\"elementor-element elementor-element-f45fae9 elementor-widget__width-initial elementor-widget elementor-widget-image\" data-id=\"f45fae9\" data-element_type=\"widget\" data-e-type=\"widget\" data-widget_type=\"image.default\">\n\t\t\t\t\t\t\t\t\t\t\t\t\t\t\t<img fetchpriority=\"high\" decoding=\"async\" width=\"612\" height=\"408\" src=\"https:\/\/illotstudio.com\/wp-content\/uploads\/2026\/02\/Banner-Illot-studio-3.webp-removebg-preview.webp\" class=\"attachment-full size-full wp-image-4615\" alt=\"\" srcset=\"https:\/\/illotstudio.com\/wp-content\/uploads\/2026\/02\/Banner-Illot-studio-3.webp-removebg-preview.webp 612w, https:\/\/illotstudio.com\/wp-content\/uploads\/2026\/02\/Banner-Illot-studio-3.webp-removebg-preview-1200.webp 1200w, https:\/\/illotstudio.com\/wp-content\/uploads\/2026\/02\/Banner-Illot-studio-3.webp-removebg-preview-600.webp 600w, https:\/\/illotstudio.com\/wp-content\/uploads\/2026\/02\/Banner-Illot-studio-3.webp-removebg-preview-300.webp 300w, https:\/\/illotstudio.com\/wp-content\/uploads\/2026\/02\/Banner-Illot-studio-3.webp-removebg-preview-150x150.webp 150w\" sizes=\"(max-width: 612px) 100vw, 612px\" \/>\t\t\t\t\t\t\t\t\t\t\t\t\t\t\t<\/div>\n\t\t\t\t<\/div>\n\t\t<div class=\"elementor-element elementor-element-33050ec e-con-full e-flex e-con e-child\" data-id=\"33050ec\" data-element_type=\"container\" data-e-type=\"container\">\n\t\t\t\t<div class=\"elementor-element elementor-element-bcd0051 elementor-widget elementor-widget-heading\" data-id=\"bcd0051\" data-element_type=\"widget\" data-e-type=\"widget\" data-widget_type=\"heading.default\">\n\t\t\t\t\t<h1 class=\"elementor-heading-title elementor-size-default\">QUI\u00c9NES SOMOS<\/h1>\t\t\t\t<\/div>\n\t\t\t\t<div class=\"elementor-element elementor-element-9a14047 elementor-widget elementor-widget-heading\" data-id=\"9a14047\" data-element_type=\"widget\" data-e-type=\"widget\" data-widget_type=\"heading.default\">\n\t\t\t\t\t<p class=\"elementor-heading-title elementor-size-default\">ILLOT STUDIO <\/p>\t\t\t\t<\/div>\n\t\t\t\t<div class=\"elementor-element elementor-element-0a5866f elementor-widget elementor-widget-text-editor\" data-id=\"0a5866f\" data-element_type=\"widget\" data-e-type=\"widget\" data-widget_type=\"text-editor.default\">\n\t\t\t\t\t\t\t\t\t<p class=\"pf0\"><em>Arquitectura con sede en Ibiza desde 2007<\/em><\/p><p>Fundado en 2007 by architect <strong>Robin van den Driessche<\/strong>, Illot Studio Illot Studio dise\u00f1a una arquitectura residencial refinada en Ibiza y las Islas Baleares. El estudio es conocido por crear viviendas atemporales que se caracterizan por la claridad de su dise\u00f1o, los materiales naturales y una fuerte conexi\u00f3n con el paisaje mediterr\u00e1neo. <\/p><p>Fundado inicialmente como <strong>RVDD Arquitectura<\/strong>, el estudio ha desarrollado una variada cartera de proyectos de obra nueva, reformas y dise\u00f1o de interiores para una clientela internacional. En la actualidad, bajo el nombre de Illot Studio, el estudio sigue evolucionando y se apoya en casi dos d\u00e9cadas de experiencia. <\/p><p>El nombre Illot \u2014que significa \u201cpeque\u00f1a isla\u201d en catal\u00e1n\u2014 refleja el v\u00ednculo del estudio con el paisaje mediterr\u00e1neo y el esp\u00edritu de la vida isle\u00f1a que inspira su trabajo.<br><br><\/p>\t\t\t\t\t\t\t\t<\/div>\n\t\t\t\t<\/div>\n\t\t\t\t\t<\/div>\n\t\t\t\t<\/div>\n\t\t<div class=\"elementor-element elementor-element-6d52bf2 e-flex e-con-boxed e-con e-parent\" data-id=\"6d52bf2\" data-element_type=\"container\" data-e-type=\"container\" data-settings=\"{&quot;background_background&quot;:&quot;slideshow&quot;,&quot;background_slideshow_gallery&quot;:[{&quot;id&quot;:4633,&quot;url&quot;:&quot;https:\\\/\\\/illotstudio.com\\\/wp-content\\\/uploads\\\/2026\\\/03\\\/High_Resolution-178.webp&quot;}],&quot;background_slideshow_loop&quot;:&quot;yes&quot;,&quot;background_slideshow_slide_duration&quot;:5000,&quot;background_slideshow_slide_transition&quot;:&quot;fade&quot;,&quot;background_slideshow_transition_duration&quot;:500}\">\n\t\t\t\t\t<div class=\"e-con-inner\">\n\t\t<div class=\"elementor-element elementor-element-563e306 e-con-full e-flex e-con e-child\" data-id=\"563e306\" data-element_type=\"container\" data-e-type=\"container\">\n\t\t\t\t<\/div>\n\t\t\t\t\t<\/div>\n\t\t\t\t<\/div>\n\t\t<div class=\"elementor-element elementor-element-094f937 e-flex e-con-boxed e-con e-parent\" data-id=\"094f937\" data-element_type=\"container\" data-e-type=\"container\" data-settings=\"{&quot;background_background&quot;:&quot;classic&quot;}\">\n\t\t\t\t\t<div class=\"e-con-inner\">\n\t\t<div class=\"elementor-element elementor-element-e294ab7 e-con-full e-flex e-con e-child\" data-id=\"e294ab7\" data-element_type=\"container\" data-e-type=\"container\">\n\t\t\t\t<div class=\"elementor-element elementor-element-8d58a8b elementor-widget elementor-widget-image\" data-id=\"8d58a8b\" data-element_type=\"widget\" data-e-type=\"widget\" data-widget_type=\"image.default\">\n\t\t\t\t\t\t\t\t\t\t\t\t\t\t\t<img decoding=\"async\" width=\"1135\" height=\"742\" src=\"https:\/\/illotstudio.com\/wp-content\/uploads\/2026\/03\/Robin.webp\" class=\"attachment-full size-full wp-image-4634\" alt=\"\" srcset=\"https:\/\/illotstudio.com\/wp-content\/uploads\/2026\/03\/Robin.webp 1135w, https:\/\/illotstudio.com\/wp-content\/uploads\/2026\/03\/Robin-1200.webp 1200w, https:\/\/illotstudio.com\/wp-content\/uploads\/2026\/03\/Robin-600.webp 600w, https:\/\/illotstudio.com\/wp-content\/uploads\/2026\/03\/Robin-300.webp 300w, https:\/\/illotstudio.com\/wp-content\/uploads\/2026\/03\/Robin-150x150.webp 150w\" sizes=\"(max-width: 1135px) 100vw, 1135px\" \/>\t\t\t\t\t\t\t\t\t\t\t\t\t\t\t<\/div>\n\t\t\t\t<\/div>\n\t\t<div class=\"elementor-element elementor-element-75245fd e-con-full e-flex e-con e-child\" data-id=\"75245fd\" data-element_type=\"container\" data-e-type=\"container\" data-settings=\"{&quot;background_background&quot;:&quot;slideshow&quot;,&quot;background_slideshow_gallery&quot;:[],&quot;background_slideshow_loop&quot;:&quot;yes&quot;,&quot;background_slideshow_slide_duration&quot;:5000,&quot;background_slideshow_slide_transition&quot;:&quot;fade&quot;,&quot;background_slideshow_transition_duration&quot;:500}\">\n\t\t\t\t<div class=\"elementor-element elementor-element-f9cf932 elementor-widget elementor-widget-heading\" data-id=\"f9cf932\" data-element_type=\"widget\" data-e-type=\"widget\" data-widget_type=\"heading.default\">\n\t\t\t\t\t<h2 class=\"elementor-heading-title elementor-size-default\">El FUNDADOR<\/h2>\t\t\t\t<\/div>\n\t\t\t\t<div class=\"elementor-element elementor-element-318b5c1 elementor-widget elementor-widget-heading\" data-id=\"318b5c1\" data-element_type=\"widget\" data-e-type=\"widget\" data-widget_type=\"heading.default\">\n\t\t\t\t\t<h3 class=\"elementor-heading-title elementor-size-default\">ROBIN van den Driescshe<\/h3>\t\t\t\t<\/div>\n\t\t\t\t<div class=\"elementor-element elementor-element-262a0ba elementor-widget elementor-widget-text-editor\" data-id=\"262a0ba\" data-element_type=\"widget\" data-e-type=\"widget\" data-widget_type=\"text-editor.default\">\n\t\t\t\t\t\t\t\t\t<p class=\"pf0\">Nacido y criado en Ibiza en el seno de una familia de promotores inmobiliarios, dise\u00f1adores de interiores y constructores, Robin representa a la segunda generaci\u00f3n dedicada a dar forma al entorno urban\u00edstico de la isla. Su familia particip\u00f3 activamente en la promoci\u00f3n y construcci\u00f3n de la urbanizaci\u00f3n costera de Calo d\u2019en Real, colaborando con los prestigiosos arquitectos Andr\u00e9 Jacquemain y El\u00edas Torres. <\/p><p class=\"pf0\">Con ra\u00edces francesas y belgas y una visi\u00f3n internacional, la obra de Robin a\u00fana un profundo conocimiento local y una perspectiva arquitect\u00f3nica contempor\u00e1nea, manteniendo as\u00ed un v\u00ednculo de larga data con la cultura arquitect\u00f3nica de la isla.<\/p>\t\t\t\t\t\t\t\t<\/div>\n\t\t\t\t<\/div>\n\t\t\t\t\t<\/div>\n\t\t\t\t<\/div>\n\t\t<div class=\"elementor-element elementor-element-a160f88 e-flex e-con-boxed e-con e-parent\" data-id=\"a160f88\" data-element_type=\"container\" data-e-type=\"container\" data-settings=\"{&quot;background_background&quot;:&quot;classic&quot;}\">\n\t\t\t\t\t<div class=\"e-con-inner\">\n\t\t<div class=\"elementor-element elementor-element-b0fe88d e-con-full e-flex e-con e-child\" data-id=\"b0fe88d\" data-element_type=\"container\" data-e-type=\"container\">\n\t\t<div class=\"elementor-element elementor-element-4a0195c e-con-full e-flex e-con e-child\" data-id=\"4a0195c\" data-element_type=\"container\" data-e-type=\"container\">\n\t\t\t\t<div class=\"elementor-element elementor-element-9d9bea8 elementor-widget-mobile__width-initial elementor-widget elementor-widget-elementskit-team\" data-id=\"9d9bea8\" data-element_type=\"widget\" data-e-type=\"widget\" data-widget_type=\"elementskit-team.default\">\n\t\t\t\t<div class=\"elementor-widget-container\">\n\t\t\t\t\t<div class=\"ekit-wid-con\">\n\t\t\t\t\t\t\t\t\t\t\t\t\t\t\t\t\t\t\t\t\t\t\t\t<div class=\"profile-image-card elementor-animation- ekit-team-img ekit-team-style-overlay text-center\">\n\n\t\t\t\t\t\t\t\t\t\t\t\t\t<img decoding=\"async\" width=\"268\" height=\"268\" src=\"https:\/\/illotstudio.com\/wp-content\/uploads\/2026\/02\/Ruben.webp\" class=\"attachment-full size-full wp-image-2434\" alt=\"\" srcset=\"https:\/\/illotstudio.com\/wp-content\/uploads\/2026\/02\/Ruben.webp 268w, https:\/\/illotstudio.com\/wp-content\/uploads\/2026\/02\/Ruben-150x150.webp 150w, https:\/\/illotstudio.com\/wp-content\/uploads\/2026\/02\/Ruben-1200.webp 1200w, https:\/\/illotstudio.com\/wp-content\/uploads\/2026\/02\/Ruben-600.webp 600w, https:\/\/illotstudio.com\/wp-content\/uploads\/2026\/02\/Ruben-300.webp 300w\" sizes=\"(max-width: 268px) 100vw, 268px\" \/>\t\t\t\t\t\t\t\t\t\t\t\t<div class=\"hover-area\">\n\t\t\t\t\t\t\t<div class=\"profile-body\">\n\t\t\t\t\t\t\t\t<h2 class=\"profile-title\">\n\t\t\t\t\t\t\t\t\t\t\t\t\t\t\t\t\tR\u00faben Tormo G\u00f3mez\t\t\t\t\t\t\t\t\t\t\t\t\t\t\t\t<\/h2>\n\t\t\t\t\t\t\t\t<p class=\"profile-designation\">Architect<\/p>\n\t\t\t\t\t\t\t\t\t\t\t\t\t\t\t<\/div>\n\t\t\t\t\t\t\t\t\t\t\t\t\t<\/div>\n\t\t\t\t\t<\/div>\n\t\t\t\t\t\n\t\t\t\t\n\t\t\t\t<\/div>\t\t\t\t<\/div>\n\t\t\t\t<\/div>\n\t\t\t\t<div class=\"elementor-element elementor-element-6c7a727 elementor-widget-mobile__width-initial elementor-widget elementor-widget-elementskit-team\" data-id=\"6c7a727\" data-element_type=\"widget\" data-e-type=\"widget\" data-widget_type=\"elementskit-team.default\">\n\t\t\t\t<div class=\"elementor-widget-container\">\n\t\t\t\t\t<div class=\"ekit-wid-con\">\n\t\t\t\t\t\t\t\t\t\t\t\t\t\t\t\t\t\t\t\t\t\t\t\t<div class=\"profile-image-card elementor-animation- ekit-team-img ekit-team-style-overlay text-center\">\n\n\t\t\t\t\t\t\t\t\t\t\t\t\t<img loading=\"lazy\" decoding=\"async\" width=\"268\" height=\"268\" src=\"https:\/\/illotstudio.com\/wp-content\/uploads\/2026\/02\/Stefan.webp\" class=\"attachment-full size-full wp-image-2436\" alt=\"\" srcset=\"https:\/\/illotstudio.com\/wp-content\/uploads\/2026\/02\/Stefan.webp 268w, https:\/\/illotstudio.com\/wp-content\/uploads\/2026\/02\/Stefan-150x150.webp 150w, https:\/\/illotstudio.com\/wp-content\/uploads\/2026\/02\/Stefan-1200.webp 1200w, https:\/\/illotstudio.com\/wp-content\/uploads\/2026\/02\/Stefan-600.webp 600w, https:\/\/illotstudio.com\/wp-content\/uploads\/2026\/02\/Stefan-300.webp 300w\" sizes=\"(max-width: 268px) 100vw, 268px\" \/>\t\t\t\t\t\t\t\t\t\t\t\t<div class=\"hover-area\">\n\t\t\t\t\t\t\t<div class=\"profile-body\">\n\t\t\t\t\t\t\t\t<h2 class=\"profile-title\">\n\t\t\t\t\t\t\t\t\t\t\t\t\t\t\t\t\tStefan van der Weele\t\t\t\t\t\t\t\t\t\t\t\t\t\t\t\t<\/h2>\n\t\t\t\t\t\t\t\t<p class=\"profile-designation\">Arquitecto de interiores<\/p>\n\t\t\t\t\t\t\t\t\t\t\t\t\t\t\t<\/div>\n\t\t\t\t\t\t\t\t\t\t\t\t\t<\/div>\n\t\t\t\t\t<\/div>\n\t\t\t\t\t\n\t\t\t\t\n\t\t\t\t<\/div>\t\t\t\t<\/div>\n\t\t\t\t<\/div>\n\t\t\t\t<div class=\"elementor-element elementor-element-3aaa6fc elementor-widget-mobile__width-initial elementor-widget elementor-widget-elementskit-team\" data-id=\"3aaa6fc\" data-element_type=\"widget\" data-e-type=\"widget\" data-widget_type=\"elementskit-team.default\">\n\t\t\t\t<div class=\"elementor-widget-container\">\n\t\t\t\t\t<div class=\"ekit-wid-con\">\n\t\t\t\t\t\t\t\t\t\t\t\t\t\t\t\t\t\t\t\t\t\t\t\t<div class=\"profile-image-card elementor-animation- ekit-team-img ekit-team-style-overlay text-center\">\n\n\t\t\t\t\t\t\t\t\t\t\t\t\t<img loading=\"lazy\" decoding=\"async\" width=\"268\" height=\"268\" src=\"https:\/\/illotstudio.com\/wp-content\/uploads\/2026\/02\/Femke.webp\" class=\"attachment-full size-full wp-image-2435\" alt=\"\" srcset=\"https:\/\/illotstudio.com\/wp-content\/uploads\/2026\/02\/Femke.webp 268w, https:\/\/illotstudio.com\/wp-content\/uploads\/2026\/02\/Femke-150x150.webp 150w, https:\/\/illotstudio.com\/wp-content\/uploads\/2026\/02\/Femke-1200.webp 1200w, https:\/\/illotstudio.com\/wp-content\/uploads\/2026\/02\/Femke-600.webp 600w, https:\/\/illotstudio.com\/wp-content\/uploads\/2026\/02\/Femke-300.webp 300w\" sizes=\"(max-width: 268px) 100vw, 268px\" \/>\t\t\t\t\t\t\t\t\t\t\t\t<div class=\"hover-area\">\n\t\t\t\t\t\t\t<div class=\"profile-body\">\n\t\t\t\t\t\t\t\t<h2 class=\"profile-title\">\n\t\t\t\t\t\t\t\t\t\t\t\t\t\t\t\t\tFemke Boom\t\t\t\t\t\t\t\t\t\t\t\t\t\t\t\t<\/h2>\n\t\t\t\t\t\t\t\t<p class=\"profile-designation\">Dise\u00f1ador de interiores en pr\u00e1cticas<\/p>\n\t\t\t\t\t\t\t\t\t\t\t\t\t\t\t<\/div>\n\t\t\t\t\t\t\t\t\t\t\t\t\t<\/div>\n\t\t\t\t\t<\/div>\n\t\t\t\t\t\n\t\t\t\t\n\t\t\t\t<\/div>\t\t\t\t<\/div>\n\t\t\t\t<\/div>\n\t\t\t\t<\/div>\n\t\t\t\t<\/div>\n\t\t<div class=\"elementor-element elementor-element-d911a6f e-con-full e-flex e-con e-child\" data-id=\"d911a6f\" data-element_type=\"container\" data-e-type=\"container\" data-settings=\"{&quot;background_background&quot;:&quot;slideshow&quot;,&quot;background_slideshow_gallery&quot;:[],&quot;background_slideshow_loop&quot;:&quot;yes&quot;,&quot;background_slideshow_slide_duration&quot;:5000,&quot;background_slideshow_slide_transition&quot;:&quot;fade&quot;,&quot;background_slideshow_transition_duration&quot;:500}\">\n\t\t\t\t<div class=\"elementor-element elementor-element-af7a726 elementor-widget elementor-widget-heading\" data-id=\"af7a726\" data-element_type=\"widget\" data-e-type=\"widget\" data-widget_type=\"heading.default\">\n\t\t\t\t\t<h2 class=\"elementor-heading-title elementor-size-default\">NUESTRO EQUIPO<\/h2>\t\t\t\t<\/div>\n\t\t\t\t<div class=\"elementor-element elementor-element-00566ad elementor-widget elementor-widget-heading\" data-id=\"00566ad\" data-element_type=\"widget\" data-e-type=\"widget\" data-widget_type=\"heading.default\">\n\t\t\t\t\t<h3 class=\"elementor-heading-title elementor-size-default\">PASI\u00d3N Y CREATIVIDAD<\/h3>\t\t\t\t<\/div>\n\t\t\t\t<div class=\"elementor-element elementor-element-237216e elementor-widget elementor-widget-text-editor\" data-id=\"237216e\" data-element_type=\"widget\" data-e-type=\"widget\" data-widget_type=\"text-editor.default\">\n\t\t\t\t\t\t\t\t\t<p>Pasi\u00f3n y creatividad al servicio de las personas. Detr\u00e1s de cada uno de nuestros proyectos se encuentra la solidez de nuestro equipo de expertos, capaz de abordar entornos complejos para transformarlos en una arquitectura accesible y sostenible a escala humana. <\/p><p>Illot Studio ofrece soluciones para una amplia gama de servicios profesionales relacionados con la arquitectura, el dise\u00f1o de interiores y el dise\u00f1o en general. Nos comprometemos a trabajar de forma personalizada con cada cliente, adaptando nuestro enfoque para satisfacer las necesidades espec\u00edficas de cada proyecto. <\/p><p>Fundado en 2008 por Robin van den Driessche bajo el nombre de RVDD, Illot Studio aborda la arquitectura y el dise\u00f1o de forma din\u00e1mica y multidisciplinar. Nuestro equipo est\u00e1 formado por arquitectos, dise\u00f1adores de interiores e ingenieros, y a lo largo de los a\u00f1os hemos establecido s\u00f3lidas relaciones con una red de colaboradores externos. Ahora, casi dos d\u00e9cadas despu\u00e9s, el equipo sigue creciendo, con m\u00e1s disciplinas y m\u00e1s experiencia. \u00a1Conoce al equipo!    <\/p>\t\t\t\t\t\t\t\t<\/div>\n\t\t\t\t<\/div>\n\t\t\t\t\t<\/div>\n\t\t\t\t<\/div>\n\t\t<div class=\"elementor-element elementor-element-de3b237 e-flex e-con-boxed e-con e-parent\" data-id=\"de3b237\" data-element_type=\"container\" data-e-type=\"container\" data-settings=\"{&quot;background_background&quot;:&quot;slideshow&quot;,&quot;background_slideshow_gallery&quot;:[{&quot;id&quot;:3511,&quot;url&quot;:&quot;https:\\\/\\\/illotstudio.com\\\/wp-content\\\/uploads\\\/2026\\\/03\\\/High_Resolution-203.webp&quot;}],&quot;background_slideshow_loop&quot;:&quot;yes&quot;,&quot;background_slideshow_slide_duration&quot;:5000,&quot;background_slideshow_slide_transition&quot;:&quot;fade&quot;,&quot;background_slideshow_transition_duration&quot;:500}\">\n\t\t\t\t\t<div class=\"e-con-inner\">\n\t\t\t\t\t<\/div>\n\t\t\t\t<\/div>\n\t\t<div class=\"elementor-element elementor-element-2e6eefa e-flex e-con-boxed e-con e-parent\" data-id=\"2e6eefa\" data-element_type=\"container\" data-e-type=\"container\" data-settings=\"{&quot;background_background&quot;:&quot;classic&quot;}\">\n\t\t\t\t\t<div class=\"e-con-inner\">\n\t\t<div class=\"elementor-element elementor-element-defafac e-con-full e-flex e-con e-child\" data-id=\"defafac\" data-element_type=\"container\" data-e-type=\"container\">\n\t\t\t\t<div class=\"elementor-element elementor-element-191aa2a elementor-widget elementor-widget-heading\" data-id=\"191aa2a\" data-element_type=\"widget\" data-e-type=\"widget\" data-widget_type=\"heading.default\">\n\t\t\t\t\t<h2 class=\"elementor-heading-title elementor-size-default\">Construyamos algo juntos<\/h2>\t\t\t\t<\/div>\n\t\t\t\t<div class=\"elementor-element elementor-element-e47d1f4 elementor-widget elementor-widget-text-editor\" data-id=\"e47d1f4\" data-element_type=\"widget\" data-e-type=\"widget\" data-widget_type=\"text-editor.default\">\n\t\t\t\t\t\t\t\t\t<p>Siempre nos interesa conocer a personas que compartan nuestros valores, as\u00ed que, si te identificas con esto, no dudes en ponerte en contacto con nosotros.<\/p>\t\t\t\t\t\t\t\t<\/div>\n\t\t\t\t<div class=\"elementor-element elementor-element-e5a6394 elementor-widget__width-auto elementor-widget elementor-widget-button\" data-id=\"e5a6394\" data-element_type=\"widget\" data-e-type=\"widget\" data-widget_type=\"button.default\">\n\t\t\t\t\t\t\t\t\t\t<a class=\"elementor-button elementor-button-link elementor-size-sm\" href=\"https:\/\/illotstudio.com\/es\/contacto\/\">\n\t\t\t\t\t\t<span class=\"elementor-button-content-wrapper\">\n\t\t\t\t\t\t\t\t\t<span class=\"elementor-button-text\">Cont\u00e1ctanos<\/span>\n\t\t\t\t\t<\/span>\n\t\t\t\t\t<\/a>\n\t\t\t\t\t\t\t\t<\/div>\n\t\t\t\t<\/div>\n\t\t<div class=\"elementor-element elementor-element-4ab04b7 e-con-full e-flex e-con e-child\" data-id=\"4ab04b7\" data-element_type=\"container\" data-e-type=\"container\">\n\t\t\t\t<div class=\"elementor-element elementor-element-68fa3ff elementor-button-align-stretch elementor-widget elementor-widget-form\" data-id=\"68fa3ff\" data-element_type=\"widget\" data-e-type=\"widget\" data-settings=\"{&quot;step_next_label&quot;:&quot;Siguiente&quot;,&quot;step_previous_label&quot;:&quot;Anterior&quot;,&quot;button_width&quot;:&quot;100&quot;,&quot;step_type&quot;:&quot;number_text&quot;,&quot;step_icon_shape&quot;:&quot;circle&quot;}\" data-widget_type=\"form.default\">\n\t\t\t\t\t\t\t<form class=\"elementor-form\" method=\"post\" name=\"Nuevo formulario\" aria-label=\"Nuevo formulario\">\n\t\t\t<input type=\"hidden\" name=\"post_id\" value=\"4624\"\/>\n\t\t\t<input type=\"hidden\" name=\"form_id\" value=\"68fa3ff\"\/>\n\t\t\t<input type=\"hidden\" name=\"referer_title\" value=\"Equipo - Illot Studio\" \/>\n\n\t\t\t\t\t\t\t<input type=\"hidden\" name=\"queried_id\" value=\"4624\"\/>\n\t\t\t\n\t\t\t<div class=\"elementor-form-fields-wrapper elementor-labels-above\">\n\t\t\t\t\t\t\t\t<div class=\"elementor-field-type-text elementor-field-group elementor-column elementor-field-group-name elementor-col-50\">\n\t\t\t\t\t\t\t\t\t\t\t\t<label for=\"form-field-name\" class=\"elementor-field-label\">\n\t\t\t\t\t\t\t\tNombre\t\t\t\t\t\t\t<\/label>\n\t\t\t\t\t\t\t\t\t\t\t\t\t\t<input size=\"1\" type=\"text\" name=\"form_fields[name]\" id=\"form-field-name\" class=\"elementor-field elementor-size-sm  elementor-field-textual\" placeholder=\"Nombre\">\n\t\t\t\t\t\t\t\t\t\t\t<\/div>\n\t\t\t\t\t\t\t\t<div class=\"elementor-field-type-email elementor-field-group elementor-column elementor-field-group-email elementor-col-50 elementor-field-required\">\n\t\t\t\t\t\t\t\t\t\t\t\t<label for=\"form-field-email\" class=\"elementor-field-label\">\n\t\t\t\t\t\t\t\tCorreo electr\u00f3nico\t\t\t\t\t\t\t<\/label>\n\t\t\t\t\t\t\t\t\t\t\t\t\t\t<input size=\"1\" type=\"email\" name=\"form_fields[email]\" id=\"form-field-email\" class=\"elementor-field elementor-size-sm  elementor-field-textual\" placeholder=\"Correo electr\u00f3nico\" required=\"required\">\n\t\t\t\t\t\t\t\t\t\t\t<\/div>\n\t\t\t\t\t\t\t\t<div class=\"elementor-field-type-textarea elementor-field-group elementor-column elementor-field-group-message elementor-col-100\">\n\t\t\t\t\t\t\t\t\t\t\t\t<label for=\"form-field-message\" class=\"elementor-field-label\">\n\t\t\t\t\t\t\t\tMensaje\t\t\t\t\t\t\t<\/label>\n\t\t\t\t\t\t<textarea class=\"elementor-field-textual elementor-field  elementor-size-sm\" name=\"form_fields[message]\" id=\"form-field-message\" rows=\"4\" placeholder=\"Mensaje\"><\/textarea>\t\t\t\t<\/div>\n\t\t\t\t\t\t\t\t<div class=\"elementor-field-group elementor-column elementor-field-type-submit elementor-col-100 e-form__buttons\">\n\t\t\t\t\t<button class=\"elementor-button elementor-size-sm\" type=\"submit\">\n\t\t\t\t\t\t<span class=\"elementor-button-content-wrapper\">\n\t\t\t\t\t\t\t\t\t\t\t\t\t\t\t\t\t\t\t\t\t\t<span class=\"elementor-button-text\">Enviar<\/span>\n\t\t\t\t\t\t\t\t\t\t\t\t\t<\/span>\n\t\t\t\t\t<\/button>\n\t\t\t\t<\/div>\n\t\t\t<\/div>\n\t\t<\/form>\n\t\t\t\t\t\t<\/div>\n\t\t\t\t<\/div>\n\t\t\t\t\t<\/div>\n\t\t\t\t<\/div>\n\t\t\t\t<\/div>\n\t\t","protected":false},"excerpt":{"rendered":"<p>QUI\u00c9NES SOMOS ILLOT STUDIO Arquitectura con sede en Ibiza desde 2007 Fundado en 2007 by architect Robin van den Driessche, Illot Studio Illot Studio dise\u00f1a una arquitectura residencial refinada en Ibiza y las Islas Baleares. El estudio es conocido por crear viviendas atemporales que se caracterizan por la claridad de su dise\u00f1o, los materiales naturales [&hellip;]<\/p>\n","protected":false},"author":1,"featured_media":0,"parent":4974,"menu_order":0,"comment_status":"closed","ping_status":"closed","template":"","meta":{"footnotes":""},"class_list":["post-4624","page","type-page","status-publish","hentry"],"_hostinger_reach_plugin_has_subscription_block":false,"_hostinger_reach_plugin_is_elementor":false,"_links":{"self":[{"href":"https:\/\/illotstudio.com\/es\/wp-json\/wp\/v2\/pages\/4624","targetHints":{"allow":["GET"]}}],"collection":[{"href":"https:\/\/illotstudio.com\/es\/wp-json\/wp\/v2\/pages"}],"about":[{"href":"https:\/\/illotstudio.com\/es\/wp-json\/wp\/v2\/types\/page"}],"author":[{"embeddable":true,"href":"https:\/\/illotstudio.com\/es\/wp-json\/wp\/v2\/users\/1"}],"replies":[{"embeddable":true,"href":"https:\/\/illotstudio.com\/es\/wp-json\/wp\/v2\/comments?post=4624"}],"version-history":[{"count":3,"href":"https:\/\/illotstudio.com\/es\/wp-json\/wp\/v2\/pages\/4624\/revisions"}],"predecessor-version":[{"id":5036,"href":"https:\/\/illotstudio.com\/es\/wp-json\/wp\/v2\/pages\/4624\/revisions\/5036"}],"up":[{"embeddable":true,"href":"https:\/\/illotstudio.com\/es\/wp-json\/wp\/v2\/pages\/4974"}],"wp:attachment":[{"href":"https:\/\/illotstudio.com\/es\/wp-json\/wp\/v2\/media?parent=4624"}],"curies":[{"name":"wp","href":"https:\/\/api.w.org\/{rel}","templated":true}]}}