{"id":4609,"date":"2025-11-21T11:00:33","date_gmt":"2025-11-21T10:00:33","guid":{"rendered":"https:\/\/illotstudio.com\/inicio\/"},"modified":"2026-03-20T14:00:37","modified_gmt":"2026-03-20T13:00:37","slug":"inicio","status":"publish","type":"page","link":"https:\/\/illotstudio.com\/es\/","title":{"rendered":"Inicio"},"content":{"rendered":"\t\t<div data-elementor-type=\"wp-page\" data-elementor-id=\"4609\" class=\"elementor elementor-4609 elementor-17\" data-elementor-post-type=\"page\">\n\t\t\t\t<div class=\"elementor-element elementor-element-ccd2ae3 e-flex e-con-boxed e-con e-parent\" data-id=\"ccd2ae3\" data-element_type=\"container\" data-e-type=\"container\" data-settings=\"{&quot;background_background&quot;:&quot;video&quot;,&quot;background_video_link&quot;:&quot;https:\\\/\\\/video.squarespace-cdn.com\\\/content\\\/v1\\\/65bb5b3a3ab555258208180f\\\/4bf9a065-1800-4f91-a089-781242623ee9\\\/playlist.m3u8&quot;,&quot;background_play_on_mobile&quot;:&quot;yes&quot;}\">\n\t\t\t\t\t<div class=\"e-con-inner\">\n\t\t<div class=\"elementor-background-video-container\">\n\t\t\t\t\t\t\t<video class=\"elementor-background-video-hosted\" role=\"presentation\" autoplay muted playsinline loop><\/video>\n\t\t\t\t\t<\/div>\t\t<div class=\"elementor-element elementor-element-7f4e04e elementor-widget elementor-widget-image\" data-id=\"7f4e04e\" data-element_type=\"widget\" data-e-type=\"widget\" data-widget_type=\"image.default\">\n\t\t\t\t\t\t\t\t\t\t\t\t\t\t\t<img decoding=\"async\" src=\"https:\/\/illotstudio.com\/wp-content\/uploads\/elementor\/thumbs\/Logo-Illot-studio-footer-rf15isnwbhxd4h8px4l9t9kp2xti4gat13akswlc00.webp\" title=\"Logo Illot studio footer\" alt=\"Logo Illot studio footer\" loading=\"lazy\" \/>\t\t\t\t\t\t\t\t\t\t\t\t\t\t\t<\/div>\n\t\t\t\t<div class=\"elementor-element elementor-element-b595a68 elementor-widget elementor-widget-text-editor\" data-id=\"b595a68\" data-element_type=\"widget\" data-e-type=\"widget\" data-widget_type=\"text-editor.default\">\n\t\t\t\t\t\t\t\t\t<h1>Dise\u00f1o de viviendas mediterr\u00e1neas atemporales en Ibiza<\/h1>\t\t\t\t\t\t\t\t<\/div>\n\t\t\t\t\t<\/div>\n\t\t\t\t<\/div>\n\t\t<div class=\"elementor-element elementor-element-bad84bb e-flex e-con-boxed e-con e-parent\" data-id=\"bad84bb\" data-element_type=\"container\" data-e-type=\"container\" data-settings=\"{&quot;background_background&quot;:&quot;classic&quot;}\">\n\t\t\t\t\t<div class=\"e-con-inner\">\n\t\t<div class=\"elementor-element elementor-element-573cbb6 e-con-full e-flex e-con e-child\" data-id=\"573cbb6\" data-element_type=\"container\" data-e-type=\"container\">\n\t\t<div class=\"elementor-element elementor-element-9b8fbae e-con-full e-flex e-con e-child\" data-id=\"9b8fbae\" data-element_type=\"container\" data-e-type=\"container\">\n\t\t\t\t<div class=\"elementor-element elementor-element-1ef395a elementor-widget elementor-widget-heading\" data-id=\"1ef395a\" data-element_type=\"widget\" data-e-type=\"widget\" data-widget_type=\"heading.default\">\n\t\t\t\t\t<p class=\"elementor-heading-title elementor-size-default\"><a href=\"https:\/\/illotstudio.com\/servicios\/arquitectura-en-ibiza\/\">Arquitectura en Ibiza<\/a><\/p>\t\t\t\t<\/div>\n\t\t\t\t<div class=\"elementor-element elementor-element-5cd1adb elementor-widget__width-initial elementor-widget elementor-widget-text-editor\" data-id=\"5cd1adb\" data-element_type=\"widget\" data-e-type=\"widget\" data-widget_type=\"text-editor.default\">\n\t\t\t\t\t\t\t\t\t<p>Villas de nueva construcci\u00f3n dise\u00f1adas desde cero, en las que la arquitectura, el paisaje y la luz se combinan con esmero para crear hogares isle\u00f1os atemporales<\/p>\t\t\t\t\t\t\t\t<\/div>\n\t\t\t\t<\/div>\n\t\t<div class=\"elementor-element elementor-element-215c9ac e-con-full e-flex e-con e-child\" data-id=\"215c9ac\" data-element_type=\"container\" data-e-type=\"container\">\n\t\t\t\t<div class=\"elementor-element elementor-element-a83b37a elementor-widget elementor-widget-heading\" data-id=\"a83b37a\" data-element_type=\"widget\" data-e-type=\"widget\" data-widget_type=\"heading.default\">\n\t\t\t\t\t<p class=\"elementor-heading-title elementor-size-default\"><a href=\"https:\/\/illotstudio.com\/proyectos\/luxury-renovation\/\">REFORMAS DE CALIDAD<\/a><\/p>\t\t\t\t<\/div>\n\t\t\t\t<div class=\"elementor-element elementor-element-670e4fd elementor-widget__width-initial elementor-widget elementor-widget-text-editor\" data-id=\"670e4fd\" data-element_type=\"widget\" data-e-type=\"widget\" data-widget_type=\"text-editor.default\">\n\t\t\t\t\t\t\t\t\t<p>Renovaciones de alta gama a medida que convierten los interiores y los paisajes en un refugio isle\u00f1o refinado y perfectamente equilibrado<\/p>\t\t\t\t\t\t\t\t<\/div>\n\t\t\t\t<\/div>\n\t\t<div class=\"elementor-element elementor-element-4aba330 e-con-full e-flex e-con e-child\" data-id=\"4aba330\" data-element_type=\"container\" data-e-type=\"container\">\n\t\t\t\t<div class=\"elementor-element elementor-element-93d6a17 elementor-widget elementor-widget-heading\" data-id=\"93d6a17\" data-element_type=\"widget\" data-e-type=\"widget\" data-widget_type=\"heading.default\">\n\t\t\t\t\t<p class=\"elementor-heading-title elementor-size-default\"><a href=\"https:\/\/illotstudio.com\/servicios\/mediterranean-architecture\/\">Dise\u00f1o de interiores<\/a><\/p>\t\t\t\t<\/div>\n\t\t\t\t<div class=\"elementor-element elementor-element-282aa90 elementor-widget__width-initial elementor-widget elementor-widget-text-editor\" data-id=\"282aa90\" data-element_type=\"widget\" data-e-type=\"widget\" data-widget_type=\"text-editor.default\">\n\t\t\t\t\t\t\t\t\t<p>Descubra interiores en los que los materiales, las texturas y los detalles personalizados, elaborados con esmero, crean espacios de elegante serenidad y comodidad.<\/p>\t\t\t\t\t\t\t\t<\/div>\n\t\t\t\t<\/div>\n\t\t\t\t<\/div>\n\t\t\t\t\t<\/div>\n\t\t\t\t<\/div>\n\t\t<div class=\"elementor-element elementor-element-94ce609 e-con-full e-flex e-con e-parent\" data-id=\"94ce609\" data-element_type=\"container\" data-e-type=\"container\" data-settings=\"{&quot;background_background&quot;:&quot;classic&quot;}\">\n\t\t\t\t<div class=\"elementor-element elementor-element-e757129 elementor-widget elementor-widget-image\" data-id=\"e757129\" data-element_type=\"widget\" data-e-type=\"widget\" data-widget_type=\"image.default\">\n\t\t\t\t\t\t\t\t\t\t\t\t\t\t\t\t<a href=\"https:\/\/illotstudio.com\/es\/proyectos\/can-mayor\/\">\n\t\t\t\t\t\t\t<img fetchpriority=\"high\" decoding=\"async\" width=\"640\" height=\"640\" src=\"https:\/\/illotstudio.com\/wp-content\/uploads\/2026\/03\/Can-Maor-1.webp\" class=\"attachment-full size-full wp-image-4620\" alt=\"\" srcset=\"https:\/\/illotstudio.com\/wp-content\/uploads\/2026\/03\/Can-Maor-1.webp 640w, https:\/\/illotstudio.com\/wp-content\/uploads\/2026\/03\/Can-Maor-1-150x150.webp 150w, https:\/\/illotstudio.com\/wp-content\/uploads\/2026\/03\/Can-Maor-1-1200.webp 1200w, https:\/\/illotstudio.com\/wp-content\/uploads\/2026\/03\/Can-Maor-1-600.webp 600w, https:\/\/illotstudio.com\/wp-content\/uploads\/2026\/03\/Can-Maor-1-300.webp 300w\" sizes=\"(max-width: 640px) 100vw, 640px\" \/>\t\t\t\t\t\t\t\t<\/a>\n\t\t\t\t\t\t\t\t\t\t\t\t\t\t\t<\/div>\n\t\t\t\t<div class=\"elementor-element elementor-element-a771b19 elementor-widget elementor-widget-image\" data-id=\"a771b19\" data-element_type=\"widget\" data-e-type=\"widget\" data-widget_type=\"image.default\">\n\t\t\t\t\t\t\t\t\t\t\t\t\t\t\t\t<a href=\"https:\/\/illotstudio.com\/es\/proyectos\/casa-amapola\/\">\n\t\t\t\t\t\t\t<img decoding=\"async\" width=\"640\" height=\"640\" src=\"https:\/\/illotstudio.com\/wp-content\/uploads\/2026\/03\/Casa-Amapola.webp\" class=\"attachment-full size-full wp-image-4621\" alt=\"\" srcset=\"https:\/\/illotstudio.com\/wp-content\/uploads\/2026\/03\/Casa-Amapola.webp 640w, https:\/\/illotstudio.com\/wp-content\/uploads\/2026\/03\/Casa-Amapola-150x150.webp 150w, https:\/\/illotstudio.com\/wp-content\/uploads\/2026\/03\/Casa-Amapola-1200.webp 1200w, https:\/\/illotstudio.com\/wp-content\/uploads\/2026\/03\/Casa-Amapola-600.webp 600w, https:\/\/illotstudio.com\/wp-content\/uploads\/2026\/03\/Casa-Amapola-300.webp 300w\" sizes=\"(max-width: 640px) 100vw, 640px\" \/>\t\t\t\t\t\t\t\t<\/a>\n\t\t\t\t\t\t\t\t\t\t\t\t\t\t\t<\/div>\n\t\t\t\t<div class=\"elementor-element elementor-element-b144f37 elementor-widget elementor-widget-image\" data-id=\"b144f37\" data-element_type=\"widget\" data-e-type=\"widget\" data-widget_type=\"image.default\">\n\t\t\t\t\t\t\t\t\t\t\t\t<figure class=\"wp-caption\">\n\t\t\t\t\t\t\t\t\t\t\t<a href=\"https:\/\/illotstudio.com\/es\/proyectos\/can-cigales\/\">\n\t\t\t\t\t\t\t<img decoding=\"async\" width=\"640\" height=\"640\" src=\"https:\/\/illotstudio.com\/wp-content\/uploads\/2026\/03\/Can-Maor-2.webp\" class=\"attachment-full size-full wp-image-4622\" alt=\"\" srcset=\"https:\/\/illotstudio.com\/wp-content\/uploads\/2026\/03\/Can-Maor-2.webp 640w, https:\/\/illotstudio.com\/wp-content\/uploads\/2026\/03\/Can-Maor-2-150x150.webp 150w, https:\/\/illotstudio.com\/wp-content\/uploads\/2026\/03\/Can-Maor-2-1200.webp 1200w, https:\/\/illotstudio.com\/wp-content\/uploads\/2026\/03\/Can-Maor-2-600.webp 600w, https:\/\/illotstudio.com\/wp-content\/uploads\/2026\/03\/Can-Maor-2-300.webp 300w\" sizes=\"(max-width: 640px) 100vw, 640px\" \/>\t\t\t\t\t\t\t\t<\/a>\n\t\t\t\t\t\t\t\t\t\t\t<figcaption class=\"widget-image-caption wp-caption-text\"><\/figcaption>\n\t\t\t\t\t\t\t\t\t\t<\/figure>\n\t\t\t\t\t\t\t\t\t<\/div>\n\t\t\t\t<\/div>\n\t\t<div class=\"elementor-element elementor-element-3591a84 e-flex e-con-boxed e-con e-parent\" data-id=\"3591a84\" data-element_type=\"container\" data-e-type=\"container\" data-settings=\"{&quot;background_background&quot;:&quot;classic&quot;}\">\n\t\t\t\t\t<div class=\"e-con-inner\">\n\t\t<div class=\"elementor-element elementor-element-0c81cf9 e-con-full e-flex e-con e-child\" data-id=\"0c81cf9\" data-element_type=\"container\" data-e-type=\"container\" data-settings=\"{&quot;background_background&quot;:&quot;slideshow&quot;,&quot;background_slideshow_gallery&quot;:[],&quot;background_slideshow_loop&quot;:&quot;yes&quot;,&quot;background_slideshow_slide_duration&quot;:5000,&quot;background_slideshow_slide_transition&quot;:&quot;fade&quot;,&quot;background_slideshow_transition_duration&quot;:500}\">\n\t\t\t\t<div class=\"elementor-element elementor-element-aa2d1e5 elementor-widget__width-initial elementor-widget elementor-widget-image\" data-id=\"aa2d1e5\" data-element_type=\"widget\" data-e-type=\"widget\" data-widget_type=\"image.default\">\n\t\t\t\t\t\t\t\t\t\t\t\t\t\t\t<img loading=\"lazy\" decoding=\"async\" width=\"612\" height=\"408\" src=\"https:\/\/illotstudio.com\/wp-content\/uploads\/2026\/02\/Banner-Illot-studio-3.webp-removebg-preview.webp\" class=\"attachment-full size-full wp-image-4615\" alt=\"\" srcset=\"https:\/\/illotstudio.com\/wp-content\/uploads\/2026\/02\/Banner-Illot-studio-3.webp-removebg-preview.webp 612w, https:\/\/illotstudio.com\/wp-content\/uploads\/2026\/02\/Banner-Illot-studio-3.webp-removebg-preview-1200.webp 1200w, https:\/\/illotstudio.com\/wp-content\/uploads\/2026\/02\/Banner-Illot-studio-3.webp-removebg-preview-600.webp 600w, https:\/\/illotstudio.com\/wp-content\/uploads\/2026\/02\/Banner-Illot-studio-3.webp-removebg-preview-300.webp 300w, https:\/\/illotstudio.com\/wp-content\/uploads\/2026\/02\/Banner-Illot-studio-3.webp-removebg-preview-150x150.webp 150w\" sizes=\"(max-width: 612px) 100vw, 612px\" \/>\t\t\t\t\t\t\t\t\t\t\t\t\t\t\t<\/div>\n\t\t\t\t<\/div>\n\t\t<div class=\"elementor-element elementor-element-246f031 e-con-full e-flex e-con e-child\" data-id=\"246f031\" data-element_type=\"container\" data-e-type=\"container\">\n\t\t\t\t<div class=\"elementor-element elementor-element-370703f elementor-widget elementor-widget-heading\" data-id=\"370703f\" data-element_type=\"widget\" data-e-type=\"widget\" data-widget_type=\"heading.default\">\n\t\t\t\t\t<h2 class=\"elementor-heading-title elementor-size-default\">NUESTRA VISI\u00d3N<\/h2>\t\t\t\t<\/div>\n\t\t\t\t<div class=\"elementor-element elementor-element-e46adb6 elementor-widget elementor-widget-text-editor\" data-id=\"e46adb6\" data-element_type=\"widget\" data-e-type=\"widget\" data-widget_type=\"text-editor.default\">\n\t\t\t\t\t\t\t\t\t<p>Vivir bajo el sol del Mediterr\u00e1neo es el sue\u00f1o de muchos. En Illot Studio creemos que una vivienda, ya sea la residencia habitual o una casa de vacaciones, debe ser una prolongaci\u00f3n natural de sus propietarios. <\/p><p>Fundado en 2007, el estudio ha ido dando forma a la arquitectura mediterr\u00e1nea contempor\u00e1nea en Ibiza a trav\u00e9s de una visi\u00f3n clara y duradera: crear viviendas atemporales que se caractericen por la claridad de su dise\u00f1o, los materiales naturales y una profunda conexi\u00f3n con su entorno. <\/p><p>Desde nuevas construcciones exclusivas hasta renovaciones y proyectos de dise\u00f1o de interiores cuidadosamente elaborados, acompa\u00f1amos cada proyecto desde la idea inicial hasta su realizaci\u00f3n final, creando elegantes viviendas en la isla dise\u00f1adas para que las disfruten varias generaciones.<\/p>\t\t\t\t\t\t\t\t<\/div>\n\t\t\t\t<\/div>\n\t\t\t\t\t<\/div>\n\t\t\t\t<\/div>\n\t\t<div class=\"elementor-element elementor-element-77f9cc5 e-flex e-con-boxed e-con e-parent\" data-id=\"77f9cc5\" data-element_type=\"container\" data-e-type=\"container\" data-settings=\"{&quot;background_background&quot;:&quot;classic&quot;}\">\n\t\t\t\t\t<div class=\"e-con-inner\">\n\t\t<div class=\"elementor-element elementor-element-0bb4afe e-con-full e-flex e-con e-child\" data-id=\"0bb4afe\" data-element_type=\"container\" data-e-type=\"container\" data-settings=\"{&quot;background_background&quot;:&quot;classic&quot;}\">\n\t\t\t\t<div class=\"elementor-element elementor-element-1abcb09 elementor-widget elementor-widget-heading\" data-id=\"1abcb09\" data-element_type=\"widget\" data-e-type=\"widget\" data-widget_type=\"heading.default\">\n\t\t\t\t\t<h2 class=\"elementor-heading-title elementor-size-default\">Nuestro proceso de cinco pasos<\/h2>\t\t\t\t<\/div>\n\t\t\t\t<\/div>\n\t\t<div class=\"elementor-element elementor-element-7617aac e-con-full e-flex e-con e-child\" data-id=\"7617aac\" data-element_type=\"container\" data-e-type=\"container\">\n\t\t<div class=\"elementor-element elementor-element-77aee1d e-con-full e-flex e-con e-child\" data-id=\"77aee1d\" data-element_type=\"container\" data-e-type=\"container\">\n\t\t\t\t<div class=\"elementor-element elementor-element-abe15c7 elementor-widget elementor-widget-heading\" data-id=\"abe15c7\" data-element_type=\"widget\" data-e-type=\"widget\" data-widget_type=\"heading.default\">\n\t\t\t\t\t<h3 class=\"elementor-heading-title elementor-size-default\">1<\/h3>\t\t\t\t<\/div>\n\t\t\t\t<div class=\"elementor-element elementor-element-e83edf5 elementor-widget elementor-widget-heading\" data-id=\"e83edf5\" data-element_type=\"widget\" data-e-type=\"widget\" data-widget_type=\"heading.default\">\n\t\t\t\t\t<p class=\"elementor-heading-title elementor-size-default\">ASESORAMIENTO Y AN\u00c1LISIS DE NECESIDADES<\/p>\t\t\t\t<\/div>\n\t\t\t\t<\/div>\n\t\t<div class=\"elementor-element elementor-element-e1c1e8b e-con-full e-flex e-con e-child\" data-id=\"e1c1e8b\" data-element_type=\"container\" data-e-type=\"container\">\n\t\t\t\t<div class=\"elementor-element elementor-element-ffcf726 elementor-widget elementor-widget-heading\" data-id=\"ffcf726\" data-element_type=\"widget\" data-e-type=\"widget\" data-widget_type=\"heading.default\">\n\t\t\t\t\t<h3 class=\"elementor-heading-title elementor-size-default\">2<\/h3>\t\t\t\t<\/div>\n\t\t\t\t<div class=\"elementor-element elementor-element-0fe3221 elementor-widget elementor-widget-heading\" data-id=\"0fe3221\" data-element_type=\"widget\" data-e-type=\"widget\" data-widget_type=\"heading.default\">\n\t\t\t\t\t<p class=\"elementor-heading-title elementor-size-default\">Dise\u00f1o conceptual y dise\u00f1o esquem\u00e1tico<\/p>\t\t\t\t<\/div>\n\t\t\t\t<\/div>\n\t\t<div class=\"elementor-element elementor-element-a36f771 e-con-full e-flex e-con e-child\" data-id=\"a36f771\" data-element_type=\"container\" data-e-type=\"container\">\n\t\t\t\t<div class=\"elementor-element elementor-element-7341cdb elementor-widget elementor-widget-heading\" data-id=\"7341cdb\" data-element_type=\"widget\" data-e-type=\"widget\" data-widget_type=\"heading.default\">\n\t\t\t\t\t<h3 class=\"elementor-heading-title elementor-size-default\">3<\/h3>\t\t\t\t<\/div>\n\t\t\t\t<div class=\"elementor-element elementor-element-99e0ba7 elementor-widget elementor-widget-heading\" data-id=\"99e0ba7\" data-element_type=\"widget\" data-e-type=\"widget\" data-widget_type=\"heading.default\">\n\t\t\t\t\t<p class=\"elementor-heading-title elementor-size-default\">DISE\u00d1O DETALLADO Y LICENCIAS<\/p>\t\t\t\t<\/div>\n\t\t\t\t<\/div>\n\t\t<div class=\"elementor-element elementor-element-f27b869 e-con-full e-flex e-con e-child\" data-id=\"f27b869\" data-element_type=\"container\" data-e-type=\"container\">\n\t\t\t\t<div class=\"elementor-element elementor-element-f0a7c31 elementor-widget elementor-widget-heading\" data-id=\"f0a7c31\" data-element_type=\"widget\" data-e-type=\"widget\" data-widget_type=\"heading.default\">\n\t\t\t\t\t<h3 class=\"elementor-heading-title elementor-size-default\">4<\/h3>\t\t\t\t<\/div>\n\t\t\t\t<div class=\"elementor-element elementor-element-2ee34e5 elementor-widget elementor-widget-heading\" data-id=\"2ee34e5\" data-element_type=\"widget\" data-e-type=\"widget\" data-widget_type=\"heading.default\">\n\t\t\t\t\t<p class=\"elementor-heading-title elementor-size-default\">GESTI\u00d3N Y COORDINACI\u00d3N DE LA CONSTRUCCI\u00d3N<\/p>\t\t\t\t<\/div>\n\t\t\t\t<\/div>\n\t\t<div class=\"elementor-element elementor-element-8259757 e-con-full e-flex e-con e-child\" data-id=\"8259757\" data-element_type=\"container\" data-e-type=\"container\">\n\t\t\t\t<div class=\"elementor-element elementor-element-2fe2783 elementor-widget elementor-widget-heading\" data-id=\"2fe2783\" data-element_type=\"widget\" data-e-type=\"widget\" data-widget_type=\"heading.default\">\n\t\t\t\t\t<h3 class=\"elementor-heading-title elementor-size-default\">5<\/h3>\t\t\t\t<\/div>\n\t\t\t\t<div class=\"elementor-element elementor-element-c6315fc elementor-widget elementor-widget-heading\" data-id=\"c6315fc\" data-element_type=\"widget\" data-e-type=\"widget\" data-widget_type=\"heading.default\">\n\t\t\t\t\t<p class=\"elementor-heading-title elementor-size-default\">ENTREGA Y CERTIFICADOS<\/p>\t\t\t\t<\/div>\n\t\t\t\t<\/div>\n\t\t\t\t<\/div>\n\t\t\t\t\t<\/div>\n\t\t\t\t<\/div>\n\t\t\t\t<\/div>\n\t\t","protected":false},"excerpt":{"rendered":"<p>Dise\u00f1o de viviendas mediterr\u00e1neas atemporales en Ibiza Arquitectura en Ibiza Villas de nueva construcci\u00f3n dise\u00f1adas desde cero, en las que la arquitectura, el paisaje y la luz se combinan con esmero para crear hogares isle\u00f1os atemporales REFORMAS DE CALIDAD Renovaciones de alta gama a medida que convierten los interiores y los paisajes en un refugio [&hellip;]<\/p>\n","protected":false},"author":1,"featured_media":0,"parent":0,"menu_order":0,"comment_status":"closed","ping_status":"closed","template":"","meta":{"footnotes":""},"class_list":["post-4609","page","type-page","status-publish","hentry"],"_hostinger_reach_plugin_has_subscription_block":false,"_hostinger_reach_plugin_is_elementor":false,"_links":{"self":[{"href":"https:\/\/illotstudio.com\/es\/wp-json\/wp\/v2\/pages\/4609","targetHints":{"allow":["GET"]}}],"collection":[{"href":"https:\/\/illotstudio.com\/es\/wp-json\/wp\/v2\/pages"}],"about":[{"href":"https:\/\/illotstudio.com\/es\/wp-json\/wp\/v2\/types\/page"}],"author":[{"embeddable":true,"href":"https:\/\/illotstudio.com\/es\/wp-json\/wp\/v2\/users\/1"}],"replies":[{"embeddable":true,"href":"https:\/\/illotstudio.com\/es\/wp-json\/wp\/v2\/comments?post=4609"}],"version-history":[{"count":3,"href":"https:\/\/illotstudio.com\/es\/wp-json\/wp\/v2\/pages\/4609\/revisions"}],"predecessor-version":[{"id":5027,"href":"https:\/\/illotstudio.com\/es\/wp-json\/wp\/v2\/pages\/4609\/revisions\/5027"}],"wp:attachment":[{"href":"https:\/\/illotstudio.com\/es\/wp-json\/wp\/v2\/media?parent=4609"}],"curies":[{"name":"wp","href":"https:\/\/api.w.org\/{rel}","templated":true}]}}