{"id":4601,"date":"2026-03-16T10:22:51","date_gmt":"2026-03-16T09:22:51","guid":{"rendered":"https:\/\/illotstudio.com\/politica-de-cookies\/"},"modified":"2026-03-18T13:10:04","modified_gmt":"2026-03-18T12:10:04","slug":"politica-de-cookies","status":"publish","type":"page","link":"https:\/\/illotstudio.com\/es\/politica-de-cookies\/","title":{"rendered":"Pol\u00edtica de cookies"},"content":{"rendered":"\t\t<div data-elementor-type=\"wp-page\" data-elementor-id=\"4601\" class=\"elementor elementor-4601 elementor-4289\" data-elementor-post-type=\"page\">\n\t\t\t\t<div class=\"elementor-element elementor-element-912e175 e-flex e-con-boxed e-con e-parent\" data-id=\"912e175\" data-element_type=\"container\" data-e-type=\"container\" data-settings=\"{&quot;background_background&quot;:&quot;classic&quot;}\">\n\t\t\t\t\t<div class=\"e-con-inner\">\n\t\t\t\t\t<\/div>\n\t\t\t\t<\/div>\n\t\t<div class=\"elementor-element elementor-element-571cdd2 e-flex e-con-boxed e-con e-parent\" data-id=\"571cdd2\" data-element_type=\"container\" data-e-type=\"container\" data-settings=\"{&quot;background_background&quot;:&quot;classic&quot;}\">\n\t\t\t\t\t<div class=\"e-con-inner\">\n\t\t\t\t<div class=\"elementor-element elementor-element-464f45a elementor-widget elementor-widget-heading\" data-id=\"464f45a\" data-element_type=\"widget\" data-e-type=\"widget\" data-widget_type=\"heading.default\">\n\t\t\t\t\t<h1 class=\"elementor-heading-title elementor-size-default\">POL\u00cdTICA DE COOKIES\n<\/h1>\t\t\t\t<\/div>\n\t\t\t\t\t<\/div>\n\t\t\t\t<\/div>\n\t\t<div class=\"elementor-element elementor-element-e004782 e-flex e-con-boxed e-con e-parent\" data-id=\"e004782\" data-element_type=\"container\" data-e-type=\"container\" data-settings=\"{&quot;background_background&quot;:&quot;classic&quot;}\">\n\t\t\t\t\t<div class=\"e-con-inner\">\n\t\t\t\t<div class=\"elementor-element elementor-element-1e33d46 elementor-widget elementor-widget-text-editor\" data-id=\"1e33d46\" data-element_type=\"widget\" data-e-type=\"widget\" data-widget_type=\"text-editor.default\">\n\t\t\t\t\t\t\t\t\t<main class=\"main-content svelte-1vjey77\"><div class=\"main-content svelte-mhuesr\"><div class=\"translator-container svelte-bad754\" data-testid=\"side-panel-translator\"><div class=\"output-area svelte-10aez33\" dir=\"ltr\" data-testid=\"side-panel-output\">El acceso a este sitio web puede implicar el uso de cookies. Las cookies son peque\u00f1os archivos de datos que se almacenan en el navegador utilizado por cada usuario \u2014en los distintos dispositivos que pueda utilizar para navegar por Internet\u2014 para que el servidor pueda recordar cierta informaci\u00f3n que, posteriormente, solo podr\u00e1 leer el servidor que la haya creado. Las cookies facilitan la navegaci\u00f3n y la hacen m\u00e1s c\u00f3moda, y no causan ning\u00fan da\u00f1o al dispositivo utilizado para navegar por Internet.  <\/div><\/div><\/div><\/main><p>Las cookies son procesos automatizados que recopilan informaci\u00f3n sobre las preferencias establecidas por el usuario durante su visita al sitio web, con el fin de reconocerlo como usuario y personalizar su experiencia y uso del sitio web; adem\u00e1s, pueden, por ejemplo, ayudar a identificar y resolver errores.<\/p><main class=\"main-content svelte-1vjey77\"><div class=\"main-content svelte-mhuesr\"><div class=\"translator-container svelte-bad754\" data-testid=\"side-panel-translator\"><div class=\"output-area svelte-10aez33\" dir=\"ltr\" data-testid=\"side-panel-output\">La informaci\u00f3n recopilada a trav\u00e9s de las cookies puede incluir la fecha y la hora de las visitas al sitio web, las p\u00e1ginas consultadas, el tiempo de permanencia en el sitio web y los sitios visitados inmediatamente antes y despu\u00e9s de este. Sin embargo, ninguna cookie permite al sitio web ponerse en contacto con el usuario a trav\u00e9s de su n\u00famero de tel\u00e9fono o de cualquier otro medio de contacto personal. Ninguna cookie puede extraer informaci\u00f3n del disco duro del usuario ni robar informaci\u00f3n personal. La \u00fanica forma de que la informaci\u00f3n privada del usuario se incluya en el archivo de cookies es que el usuario facilite personalmente dicha informaci\u00f3n al servidor.   <br><br><\/div><\/div><\/div><\/main><p>Las cookies que permiten identificar a una persona se consideran datos personales. Por consiguiente, se les aplica la Pol\u00edtica de privacidad descrita anteriormente. A este respecto, se requiere el consentimiento del usuario para su uso. Dicho consentimiento debe ser libre, basado en una elecci\u00f3n genuina, expresado mediante una decisi\u00f3n afirmativa y positiva, previo al tratamiento inicial, y debe ser revocable y estar documentado.   <\/p>\t\t\t\t\t\t\t\t<\/div>\n\t\t\t\t<div class=\"elementor-element elementor-element-1baa8c6 elementor-widget elementor-widget-heading\" data-id=\"1baa8c6\" data-element_type=\"widget\" data-e-type=\"widget\" data-widget_type=\"heading.default\">\n\t\t\t\t\t<h2 class=\"elementor-heading-title elementor-size-default\">Cookies propias\n<\/h2>\t\t\t\t<\/div>\n\t\t\t\t<div class=\"elementor-element elementor-element-bcf5d2a elementor-widget elementor-widget-text-editor\" data-id=\"bcf5d2a\" data-element_type=\"widget\" data-e-type=\"widget\" data-widget_type=\"text-editor.default\">\n\t\t\t\t\t\t\t\t\t<main class=\"main-content svelte-1vjey77\"><div class=\"main-content svelte-mhuesr\"><div class=\"translator-container svelte-bad754\" data-testid=\"side-panel-translator\"><div class=\"output-area svelte-10aez33\" dir=\"ltr\" data-testid=\"side-panel-output\">Se trata de cookies que se env\u00edan al ordenador o dispositivo del usuario y que gestiona exclusivamente el estudio de arquitectura para garantizar el funcionamiento \u00f3ptimo del sitio web. La informaci\u00f3n recopilada se utiliza para mejorar la calidad del sitio web y de su contenido, as\u00ed como la experiencia del usuario. Estas cookies permiten reconocer al usuario como visitante habitual del sitio web y adaptar el contenido a sus preferencias.  <\/div><\/div><\/div><\/main>\t\t\t\t\t\t\t\t<\/div>\n\t\t\t\t<div class=\"elementor-element elementor-element-6ad5d89 elementor-widget elementor-widget-heading\" data-id=\"6ad5d89\" data-element_type=\"widget\" data-e-type=\"widget\" data-widget_type=\"heading.default\">\n\t\t\t\t\t<h2 class=\"elementor-heading-title elementor-size-default\">Cookies de redes sociales\n<\/h2>\t\t\t\t<\/div>\n\t\t\t\t<div class=\"elementor-element elementor-element-47485bb elementor-widget elementor-widget-text-editor\" data-id=\"47485bb\" data-element_type=\"widget\" data-e-type=\"widget\" data-widget_type=\"text-editor.default\">\n\t\t\t\t\t\t\t\t\t<main class=\"main-content svelte-1vjey77\"><div class=\"main-content svelte-mhuesr\"><div class=\"translator-container svelte-bad754\" data-testid=\"side-panel-translator\"><div class=\"output-area svelte-10aez33\" dir=\"ltr\" data-testid=\"side-panel-output\">El estudio de arquitectura incorpora complementos de redes sociales, que permiten a los usuarios acceder a estas plataformas a trav\u00e9s del sitio web. Por este motivo, es posible que se almacenen cookies de redes sociales en el navegador del usuario. Los operadores de estas plataformas de redes sociales cuentan con sus propias pol\u00edticas de protecci\u00f3n de datos y de cookies, y son los \u00fanicos responsables, en cada caso, de sus propios ficheros de datos y pr\u00e1cticas de privacidad. Los usuarios deben consultar estas pol\u00edticas para informarse sobre dichas cookies y, en su caso, sobre el tratamiento de sus datos personales. A t\u00edtulo meramente informativo, a continuaci\u00f3n se facilitan los enlaces donde pueden consultarse estas pol\u00edticas de privacidad y\/o de cookies:    <\/div><\/div><\/div><\/main><ul><li>Facebook: <a class=\"text-info\" href=\"https:\/\/www.facebook.com\/policies\/cookies\/\" target=\"_blank\" rel=\"noopener\">https:\/\/www.facebook.com\/policies\/cookies\/<\/a><\/li><li>Twitter: <a class=\"text-info\" href=\"https:\/\/twitter.com\/es\/privacy\" target=\"_blank\" rel=\"noopener\">https:\/\/twitter.com\/es\/privacy<\/a><\/li><li>Instagram: <a class=\"text-info\" href=\"https:\/\/help.instagram.com\/1896641480634370?ref=ig\" target=\"_blank\" rel=\"noopener\">https:\/\/help.instagram.com\/1896641480634370?ref=ig<\/a><\/li><li>YouTube: <a class=\"text-info\" href=\"https:\/\/policies.google.com\/privacy?hl=es-419&amp;gl=mx\" target=\"_blank\" rel=\"noopener\">https:\/\/policies.google.com\/privacy?hl=es-419&amp;gl=mx<\/a><\/li><li>Pinterest: <a class=\"text-info\" href=\"https:\/\/policy.pinterest.com\/es\/privacy-policy\" target=\"_blank\" rel=\"noopener\">https:\/\/policy.pinterest.com\/es\/privacy-policy<\/a><\/li><li>LinkedIn: <a class=\"text-info\" href=\"https:\/\/www.linkedin.com\/legal\/cookie-policy?trk=hp-cookies\" target=\"_blank\" rel=\"noopener\">https:\/\/www.linkedin.com\/legal\/cookie-policy?trk=hp-cookies<\/a><\/li><\/ul>\t\t\t\t\t\t\t\t<\/div>\n\t\t\t\t<div class=\"elementor-element elementor-element-bb98b59 elementor-widget elementor-widget-heading\" data-id=\"bb98b59\" data-element_type=\"widget\" data-e-type=\"widget\" data-widget_type=\"heading.default\">\n\t\t\t\t\t<h2 class=\"elementor-heading-title elementor-size-default\">Desactivar, bloquear y eliminar cookies\n<\/h2>\t\t\t\t<\/div>\n\t\t\t\t<div class=\"elementor-element elementor-element-b6607ef elementor-widget elementor-widget-text-editor\" data-id=\"b6607ef\" data-element_type=\"widget\" data-e-type=\"widget\" data-widget_type=\"text-editor.default\">\n\t\t\t\t\t\t\t\t\t<main class=\"main-content svelte-1vjey77\"><div class=\"main-content svelte-mhuesr\"><div class=\"translator-container svelte-bad754\" data-testid=\"side-panel-translator\"><div class=\"output-area svelte-10aez33\" dir=\"ltr\" data-testid=\"side-panel-output\">Los usuarios pueden desactivar, bloquear o eliminar las cookies \u2014ya sea en su totalidad o en parte\u2014 almacenadas en su dispositivo a trav\u00e9s de la configuraci\u00f3n de su navegador (por ejemplo, Chrome, Firefox, Safari y Explorer). Los procedimientos para bloquear y eliminar las cookies pueden variar de un navegador web a otro. Por lo tanto, los usuarios deben consultar las instrucciones proporcionadas por el navegador web que est\u00e9n utilizando. Si rechaza el uso de cookies \u2014ya sea total o parcialmente\u2014, podr\u00e1 seguir utilizando el sitio web, aunque el uso de algunas de sus funciones pueda verse limitado.   <\/div><\/div><\/div><\/main>\t\t\t\t\t\t\t\t<\/div>\n\t\t\t\t\t<\/div>\n\t\t\t\t<\/div>\n\t\t\t\t<\/div>\n\t\t","protected":false},"excerpt":{"rendered":"<p>POL\u00cdTICA DE COOKIES El acceso a este sitio web puede implicar el uso de cookies. Las cookies son peque\u00f1os archivos de datos que se almacenan en el navegador utilizado por cada usuario \u2014en los distintos dispositivos que pueda utilizar para navegar por Internet\u2014 para que el servidor pueda recordar cierta informaci\u00f3n que, posteriormente, solo podr\u00e1 [&hellip;]<\/p>\n","protected":false},"author":1,"featured_media":0,"parent":0,"menu_order":0,"comment_status":"closed","ping_status":"closed","template":"","meta":{"footnotes":""},"class_list":["post-4601","page","type-page","status-publish","hentry"],"_hostinger_reach_plugin_has_subscription_block":false,"_hostinger_reach_plugin_is_elementor":false,"_links":{"self":[{"href":"https:\/\/illotstudio.com\/es\/wp-json\/wp\/v2\/pages\/4601","targetHints":{"allow":["GET"]}}],"collection":[{"href":"https:\/\/illotstudio.com\/es\/wp-json\/wp\/v2\/pages"}],"about":[{"href":"https:\/\/illotstudio.com\/es\/wp-json\/wp\/v2\/types\/page"}],"author":[{"embeddable":true,"href":"https:\/\/illotstudio.com\/es\/wp-json\/wp\/v2\/users\/1"}],"replies":[{"embeddable":true,"href":"https:\/\/illotstudio.com\/es\/wp-json\/wp\/v2\/comments?post=4601"}],"version-history":[{"count":1,"href":"https:\/\/illotstudio.com\/es\/wp-json\/wp\/v2\/pages\/4601\/revisions"}],"predecessor-version":[{"id":4602,"href":"https:\/\/illotstudio.com\/es\/wp-json\/wp\/v2\/pages\/4601\/revisions\/4602"}],"wp:attachment":[{"href":"https:\/\/illotstudio.com\/es\/wp-json\/wp\/v2\/media?parent=4601"}],"curies":[{"name":"wp","href":"https:\/\/api.w.org\/{rel}","templated":true}]}}