{"id":4599,"date":"2026-03-16T10:46:57","date_gmt":"2026-03-16T09:46:57","guid":{"rendered":"https:\/\/illotstudio.com\/politica-de-privacidad\/"},"modified":"2026-03-18T13:06:29","modified_gmt":"2026-03-18T12:06:29","slug":"politica-de-privacidad","status":"publish","type":"page","link":"https:\/\/illotstudio.com\/es\/politica-de-privacidad\/","title":{"rendered":"Pol\u00edtica de privacidad"},"content":{"rendered":"\t\t<div data-elementor-type=\"wp-page\" data-elementor-id=\"4599\" class=\"elementor elementor-4599 elementor-4313\" data-elementor-post-type=\"page\">\n\t\t\t\t<div class=\"elementor-element elementor-element-7c3c4b4 e-flex e-con-boxed e-con e-parent\" data-id=\"7c3c4b4\" data-element_type=\"container\" data-e-type=\"container\" data-settings=\"{&quot;background_background&quot;:&quot;classic&quot;}\">\n\t\t\t\t\t<div class=\"e-con-inner\">\n\t\t\t\t\t<\/div>\n\t\t\t\t<\/div>\n\t\t<div class=\"elementor-element elementor-element-027b820 e-flex e-con-boxed e-con e-parent\" data-id=\"027b820\" data-element_type=\"container\" data-e-type=\"container\" data-settings=\"{&quot;background_background&quot;:&quot;classic&quot;}\">\n\t\t\t\t\t<div class=\"e-con-inner\">\n\t\t\t\t<div class=\"elementor-element elementor-element-d01d347 elementor-widget elementor-widget-heading\" data-id=\"d01d347\" data-element_type=\"widget\" data-e-type=\"widget\" data-widget_type=\"heading.default\">\n\t\t\t\t\t<h1 class=\"elementor-heading-title elementor-size-default\">Pol\u00edtica de privacidad\n<\/h1>\t\t\t\t<\/div>\n\t\t\t\t\t<\/div>\n\t\t\t\t<\/div>\n\t\t<div class=\"elementor-element elementor-element-be9cfb1 e-flex e-con-boxed e-con e-parent\" data-id=\"be9cfb1\" data-element_type=\"container\" data-e-type=\"container\" data-settings=\"{&quot;background_background&quot;:&quot;classic&quot;}\">\n\t\t\t\t\t<div class=\"e-con-inner\">\n\t\t\t\t<div class=\"elementor-element elementor-element-39f5698 elementor-widget elementor-widget-heading\" data-id=\"39f5698\" data-element_type=\"widget\" data-e-type=\"widget\" data-widget_type=\"heading.default\">\n\t\t\t\t\t<h2 class=\"elementor-heading-title elementor-size-default\">1. CONTROLADOR DE DATOS\n<\/h2>\t\t\t\t<\/div>\n\t\t\t\t<div class=\"elementor-element elementor-element-f23bddf elementor-widget elementor-widget-text-editor\" data-id=\"f23bddf\" data-element_type=\"widget\" data-e-type=\"widget\" data-widget_type=\"text-editor.default\">\n\t\t\t\t\t\t\t\t\t<p>Responsable del tratamiento: ILLOT Studio Finalidad: Gestionar consultas, enviar presupuestos y enviar comunicaciones de marketing relacionadas con los servicios de arquitectura.<\/p>\t\t\t\t\t\t\t\t<\/div>\n\t\t\t\t<div class=\"elementor-element elementor-element-9eb4c63 elementor-widget elementor-widget-heading\" data-id=\"9eb4c63\" data-element_type=\"widget\" data-e-type=\"widget\" data-widget_type=\"heading.default\">\n\t\t\t\t\t<h2 class=\"elementor-heading-title elementor-size-default\">2. DATOS RECOGIDOS\n<\/h2>\t\t\t\t<\/div>\n\t\t\t\t<div class=\"elementor-element elementor-element-5f67979 elementor-widget elementor-widget-text-editor\" data-id=\"5f67979\" data-element_type=\"widget\" data-e-type=\"widget\" data-widget_type=\"text-editor.default\">\n\t\t\t\t\t\t\t\t\t<main class=\"main-content svelte-1vjey77\"><div class=\"main-content svelte-mhuesr\"><div class=\"translator-container svelte-bad754\" data-testid=\"side-panel-translator\"><div class=\"output-area svelte-10aez33\" dir=\"ltr\" data-testid=\"side-panel-output\">S\u00f3lo solicitaremos los datos estrictamente necesarios para tramitar tu consulta o prestar el servicio solicitado (nombre, direcci\u00f3n de correo electr\u00f3nico, n\u00famero de tel\u00e9fono y, en su caso, datos de la parcela o proyecto).<\/div><\/div><\/div><\/main>\t\t\t\t\t\t\t\t<\/div>\n\t\t\t\t<div class=\"elementor-element elementor-element-9a6c93c elementor-widget elementor-widget-heading\" data-id=\"9a6c93c\" data-element_type=\"widget\" data-e-type=\"widget\" data-widget_type=\"heading.default\">\n\t\t\t\t\t<h2 class=\"elementor-heading-title elementor-size-default\">3. LEGITIMIDAD\n<\/h2>\t\t\t\t<\/div>\n\t\t\t\t<div class=\"elementor-element elementor-element-ea557d1 elementor-widget elementor-widget-text-editor\" data-id=\"ea557d1\" data-element_type=\"widget\" data-e-type=\"widget\" data-widget_type=\"text-editor.default\">\n\t\t\t\t\t\t\t\t\t<p>La base jur\u00eddica para el tratamiento de tus datos es el consentimiento del interesado cuando se pone en contacto con nosotros a trav\u00e9s de nuestro formulario o correo electr\u00f3nico, y la ejecuci\u00f3n de un contrato de servicios profesionales en caso de contrataci\u00f3n.<\/p>\t\t\t\t\t\t\t\t<\/div>\n\t\t\t\t<div class=\"elementor-element elementor-element-681874c elementor-widget elementor-widget-heading\" data-id=\"681874c\" data-element_type=\"widget\" data-e-type=\"widget\" data-widget_type=\"heading.default\">\n\t\t\t\t\t<h2 class=\"elementor-heading-title elementor-size-default\">4. CONSERVACI\u00d3N DE DATOS\n<\/h2>\t\t\t\t<\/div>\n\t\t\t\t<div class=\"elementor-element elementor-element-6282403 elementor-widget elementor-widget-text-editor\" data-id=\"6282403\" data-element_type=\"widget\" data-e-type=\"widget\" data-widget_type=\"text-editor.default\">\n\t\t\t\t\t\t\t\t\t<main class=\"main-content svelte-1vjey77\"><div class=\"main-content svelte-mhuesr\"><div class=\"translator-container svelte-bad754\" data-testid=\"side-panel-translator\"><div class=\"output-area svelte-10aez33\" dir=\"ltr\" data-testid=\"side-panel-output\">Los datos personales proporcionados se conservar\u00e1n mientras dure la relaci\u00f3n comercial o profesional, o durante el tiempo que sea necesario para cumplir las obligaciones y responsabilidades legales derivadas del Reglamento de Edificaci\u00f3n.<\/div><\/div><\/div><\/main>\t\t\t\t\t\t\t\t<\/div>\n\t\t\t\t<div class=\"elementor-element elementor-element-0a0f107 elementor-widget elementor-widget-heading\" data-id=\"0a0f107\" data-element_type=\"widget\" data-e-type=\"widget\" data-widget_type=\"heading.default\">\n\t\t\t\t\t<h2 class=\"elementor-heading-title elementor-size-default\">5. RECIPIENTES\n<\/h2>\t\t\t\t<\/div>\n\t\t\t\t<div class=\"elementor-element elementor-element-1d5e6a3 elementor-widget elementor-widget-text-editor\" data-id=\"1d5e6a3\" data-element_type=\"widget\" data-e-type=\"widget\" data-widget_type=\"text-editor.default\">\n\t\t\t\t\t\t\t\t\t<main class=\"main-content svelte-1vjey77\"><div class=\"main-content svelte-mhuesr\"><div class=\"translator-container svelte-bad754\" data-testid=\"side-panel-translator\"><div class=\"output-area svelte-10aez33\" dir=\"ltr\" data-testid=\"side-panel-output\">No se revelar\u00e1 ning\u00fan dato a terceros, excepto cuando lo exija la ley o sea necesario para la prestaci\u00f3n del servicio (por ejemplo: organismos p\u00fablicos a efectos de licencias, ingenieros o peritos colaboradores).<\/div><\/div><\/div><\/main>\t\t\t\t\t\t\t\t<\/div>\n\t\t\t\t<div class=\"elementor-element elementor-element-5cf61a4 elementor-widget elementor-widget-heading\" data-id=\"5cf61a4\" data-element_type=\"widget\" data-e-type=\"widget\" data-widget_type=\"heading.default\">\n\t\t\t\t\t<h2 class=\"elementor-heading-title elementor-size-default\">6. DERECHOS\n<\/h2>\t\t\t\t<\/div>\n\t\t\t\t<div class=\"elementor-element elementor-element-65a3896 elementor-widget elementor-widget-text-editor\" data-id=\"65a3896\" data-element_type=\"widget\" data-e-type=\"widget\" data-widget_type=\"text-editor.default\">\n\t\t\t\t\t\t\t\t\t<main class=\"main-content svelte-1vjey77\"><div class=\"main-content svelte-mhuesr\"><div class=\"translator-container svelte-bad754\" data-testid=\"side-panel-translator\"><div class=\"output-area svelte-10aez33\" dir=\"ltr\" data-testid=\"side-panel-output\">Tienes derecho a obtener confirmaci\u00f3n sobre si estamos tratando tus datos personales. Por tanto, tienes derecho a: Acceder a tus datos personales. Solicitar la rectificaci\u00f3n de los datos inexactos. Solicitar la supresi\u00f3n de tus datos cuando ya no sean necesarios. Oponerte al tratamiento de tus datos. Para ejercer estos derechos, puedes enviar un correo electr\u00f3nico a info@illotstudio.com adjuntando una copia de su DNI.     <\/div><\/div><\/div><\/main>\t\t\t\t\t\t\t\t<\/div>\n\t\t\t\t\t<\/div>\n\t\t\t\t<\/div>\n\t\t\t\t<\/div>\n\t\t","protected":false},"excerpt":{"rendered":"<p>Pol\u00edtica de privacidad 1. CONTROLADOR DE DATOS Responsable del tratamiento: ILLOT Studio Finalidad: Gestionar consultas, enviar presupuestos y enviar comunicaciones de marketing relacionadas con los servicios de arquitectura. 2. DATOS RECOGIDOS S\u00f3lo solicitaremos los datos estrictamente necesarios para tramitar tu consulta o prestar el servicio solicitado (nombre, direcci\u00f3n de correo electr\u00f3nico, n\u00famero de tel\u00e9fono y, [&hellip;]<\/p>\n","protected":false},"author":1,"featured_media":0,"parent":0,"menu_order":0,"comment_status":"closed","ping_status":"closed","template":"","meta":{"footnotes":""},"class_list":["post-4599","page","type-page","status-publish","hentry"],"_hostinger_reach_plugin_has_subscription_block":false,"_hostinger_reach_plugin_is_elementor":false,"_links":{"self":[{"href":"https:\/\/illotstudio.com\/es\/wp-json\/wp\/v2\/pages\/4599","targetHints":{"allow":["GET"]}}],"collection":[{"href":"https:\/\/illotstudio.com\/es\/wp-json\/wp\/v2\/pages"}],"about":[{"href":"https:\/\/illotstudio.com\/es\/wp-json\/wp\/v2\/types\/page"}],"author":[{"embeddable":true,"href":"https:\/\/illotstudio.com\/es\/wp-json\/wp\/v2\/users\/1"}],"replies":[{"embeddable":true,"href":"https:\/\/illotstudio.com\/es\/wp-json\/wp\/v2\/comments?post=4599"}],"version-history":[{"count":1,"href":"https:\/\/illotstudio.com\/es\/wp-json\/wp\/v2\/pages\/4599\/revisions"}],"predecessor-version":[{"id":4600,"href":"https:\/\/illotstudio.com\/es\/wp-json\/wp\/v2\/pages\/4599\/revisions\/4600"}],"wp:attachment":[{"href":"https:\/\/illotstudio.com\/es\/wp-json\/wp\/v2\/media?parent=4599"}],"curies":[{"name":"wp","href":"https:\/\/api.w.org\/{rel}","templated":true}]}}