{"id":4577,"date":"2026-03-16T10:37:47","date_gmt":"2026-03-16T09:37:47","guid":{"rendered":"https:\/\/illotstudio.com\/aviso-legal\/"},"modified":"2026-03-18T12:44:05","modified_gmt":"2026-03-18T11:44:05","slug":"aviso-legal","status":"publish","type":"page","link":"https:\/\/illotstudio.com\/es\/aviso-legal\/","title":{"rendered":"Aviso legal"},"content":{"rendered":"\t\t<div data-elementor-type=\"wp-page\" data-elementor-id=\"4577\" class=\"elementor elementor-4577 elementor-4304\" data-elementor-post-type=\"page\">\n\t\t\t\t<div class=\"elementor-element elementor-element-176bfa4 e-flex e-con-boxed e-con e-parent\" data-id=\"176bfa4\" data-element_type=\"container\" data-e-type=\"container\" data-settings=\"{&quot;background_background&quot;:&quot;classic&quot;}\">\n\t\t\t\t\t<div class=\"e-con-inner\">\n\t\t\t\t\t<\/div>\n\t\t\t\t<\/div>\n\t\t<div class=\"elementor-element elementor-element-8b5da53 e-flex e-con-boxed e-con e-parent\" data-id=\"8b5da53\" data-element_type=\"container\" data-e-type=\"container\" data-settings=\"{&quot;background_background&quot;:&quot;classic&quot;}\">\n\t\t\t\t\t<div class=\"e-con-inner\">\n\t\t\t\t<div class=\"elementor-element elementor-element-b1dc0ab elementor-widget elementor-widget-heading\" data-id=\"b1dc0ab\" data-element_type=\"widget\" data-e-type=\"widget\" data-widget_type=\"heading.default\">\n\t\t\t\t\t<h1 class=\"elementor-heading-title elementor-size-default\">AVISO LEGAL Y CONDICIONES DE USO\n<\/h1>\t\t\t\t<\/div>\n\t\t\t\t\t<\/div>\n\t\t\t\t<\/div>\n\t\t<div class=\"elementor-element elementor-element-6891c1e e-flex e-con-boxed e-con e-parent\" data-id=\"6891c1e\" data-element_type=\"container\" data-e-type=\"container\" data-settings=\"{&quot;background_background&quot;:&quot;classic&quot;}\">\n\t\t\t\t\t<div class=\"e-con-inner\">\n\t\t\t\t<div class=\"elementor-element elementor-element-36637b3 elementor-widget elementor-widget-heading\" data-id=\"36637b3\" data-element_type=\"widget\" data-e-type=\"widget\" data-widget_type=\"heading.default\">\n\t\t\t\t\t<h2 class=\"elementor-heading-title elementor-size-default\">1. DATOS IDENTIFICATIVOS\n<\/h2>\t\t\t\t<\/div>\n\t\t\t\t<div class=\"elementor-element elementor-element-c18674f elementor-widget elementor-widget-text-editor\" data-id=\"c18674f\" data-element_type=\"widget\" data-e-type=\"widget\" data-widget_type=\"text-editor.default\">\n\t\t\t\t\t\t\t\t\t<p>En cumplimiento con el deber de informaci\u00f3n recogido en art\u00edculo 10 de la Ley 34\/2002, de 11 de julio, de Servicios de la Sociedad de la Informaci\u00f3n y del Comercio Electr\u00f3nico, a continuaci\u00f3n se reflejan los siguientes datos:<\/p><p>Titular: Robin Van den Driesche<br>Domicilio: Carretera Ibiza Sant Josep 88-90, Km 2.1, 07817 Sant Jordi, IBIZA<br>Correo electr\u00f3nico: info@illotstudio.com<br>Registro Profesional: N\u00famero de colegiado 605621Owner: Robin Van den Driesche Address: Carretera Ibiza Sant Josep 88-90, Km 2.1, 07817 Sant Jordi, IBIZA Email: info@illotstudio.com Professional Registration: Membership number 605621<\/p>\t\t\t\t\t\t\t\t<\/div>\n\t\t\t\t<div class=\"elementor-element elementor-element-825a959 elementor-widget elementor-widget-heading\" data-id=\"825a959\" data-element_type=\"widget\" data-e-type=\"widget\" data-widget_type=\"heading.default\">\n\t\t\t\t\t<h2 class=\"elementor-heading-title elementor-size-default\">2. USUARIOS\n<\/h2>\t\t\t\t<\/div>\n\t\t\t\t<div class=\"elementor-element elementor-element-b71dafd elementor-widget elementor-widget-text-editor\" data-id=\"b71dafd\" data-element_type=\"widget\" data-e-type=\"widget\" data-widget_type=\"text-editor.default\">\n\t\t\t\t\t\t\t\t\t<main class=\"main-content svelte-1vjey77\"><div class=\"main-content svelte-mhuesr\"><div class=\"translator-container svelte-bad754\" data-testid=\"side-panel-translator\"><div class=\"output-area svelte-10aez33\" dir=\"ltr\" data-testid=\"side-panel-output\">El acceso y\/o uso de este portal atribuye la condici\u00f3n de USUARIO, que acepta, desde dicho acceso y\/o uso, las Condiciones<br>Generales de Uso aqu\u00ed reflejadas.Accessing and\/or using this website confers the status of USER, who, by doing so, accepts the General Terms and Conditions of Use set out herein.<\/div><\/div><\/div><\/main>\t\t\t\t\t\t\t\t<\/div>\n\t\t\t\t<div class=\"elementor-element elementor-element-e991837 elementor-widget elementor-widget-heading\" data-id=\"e991837\" data-element_type=\"widget\" data-e-type=\"widget\" data-widget_type=\"heading.default\">\n\t\t\t\t\t<h2 class=\"elementor-heading-title elementor-size-default\">3. USO DEL PORTAL\n<\/h2>\t\t\t\t<\/div>\n\t\t\t\t<div class=\"elementor-element elementor-element-87163ba elementor-widget elementor-widget-text-editor\" data-id=\"87163ba\" data-element_type=\"widget\" data-e-type=\"widget\" data-widget_type=\"text-editor.default\">\n\t\t\t\t\t\t\t\t\t<main class=\"main-content svelte-1vjey77\"><div class=\"main-content svelte-mhuesr\"><div class=\"translator-container svelte-bad754\" data-testid=\"side-panel-translator\"><div class=\"output-area svelte-10aez33\" dir=\"ltr\" data-testid=\"side-panel-output\">El portal proporciona acceso a multitud de informaciones, servicios o datos (en adelante, \u00ablos contenidos\u00bb) en Internet pertenecientes al Titular. El USUARIO asume la responsabilidad del uso del portal. El USUARIO se compromete a hacer un uso adecuado de los contenidos y servicios que el Titular ofrece a trav\u00e9s de su web y con car\u00e1cter enunciativo pero no limitativo, a no emplearlos para incurrir en actividades il\u00edcitas, ilegales o contrarias a la buena fe y al orden p\u00fablico.  <\/div><\/div><\/div><\/main>\t\t\t\t\t\t\t\t<\/div>\n\t\t\t\t<div class=\"elementor-element elementor-element-6e85468 elementor-widget elementor-widget-heading\" data-id=\"6e85468\" data-element_type=\"widget\" data-e-type=\"widget\" data-widget_type=\"heading.default\">\n\t\t\t\t\t<h2 class=\"elementor-heading-title elementor-size-default\">4. PROPIEDAD INTELECTUAL E INDUSTRIAL\n<\/h2>\t\t\t\t<\/div>\n\t\t\t\t<div class=\"elementor-element elementor-element-6911368 elementor-widget elementor-widget-text-editor\" data-id=\"6911368\" data-element_type=\"widget\" data-e-type=\"widget\" data-widget_type=\"text-editor.default\">\n\t\t\t\t\t\t\t\t\t<main class=\"main-content svelte-1vjey77\"><div class=\"main-content svelte-mhuesr\"><div class=\"translator-container svelte-bad754\" data-testid=\"side-panel-translator\"><div class=\"output-area svelte-10aez33\" dir=\"ltr\" data-testid=\"side-panel-output\">El Titular es due\u00f1o de todos los derechos de propiedad intelectual e industrial de su p\u00e1gina web, as\u00ed como de los elementos contenidos en la misma (a t\u00edtulo enunciativo: im\u00e1genes, sonido, audio, v\u00eddeo, software o textos; marcas o logotipos, combinaciones de colores, estructura y dise\u00f1o, selecci\u00f3n de materiales usados, etc.). Todos los derechos reservados. Queda expresamente prohibida la reproducci\u00f3n, distribuci\u00f3n y comunicaci\u00f3n p\u00fablica de la totalidad o parte de los contenidos de esta p\u00e1gina web con fines comerciales, en cualquier soporte y por cualquier medio t\u00e9cnico, sin la autorizaci\u00f3n del Titular.  <\/div><\/div><\/div><\/main>\t\t\t\t\t\t\t\t<\/div>\n\t\t\t\t\t<\/div>\n\t\t\t\t<\/div>\n\t\t\t\t<\/div>\n\t\t","protected":false},"excerpt":{"rendered":"<p>AVISO LEGAL Y CONDICIONES DE USO 1. DATOS IDENTIFICATIVOS En cumplimiento con el deber de informaci\u00f3n recogido en art\u00edculo 10 de la Ley 34\/2002, de 11 de julio, de Servicios de la Sociedad de la Informaci\u00f3n y del Comercio Electr\u00f3nico, a continuaci\u00f3n se reflejan los siguientes datos: Titular: Robin Van den DriescheDomicilio: Carretera Ibiza Sant [&hellip;]<\/p>\n","protected":false},"author":1,"featured_media":0,"parent":0,"menu_order":0,"comment_status":"closed","ping_status":"closed","template":"","meta":{"footnotes":""},"class_list":["post-4577","page","type-page","status-publish","hentry"],"_hostinger_reach_plugin_has_subscription_block":false,"_hostinger_reach_plugin_is_elementor":false,"_links":{"self":[{"href":"https:\/\/illotstudio.com\/es\/wp-json\/wp\/v2\/pages\/4577","targetHints":{"allow":["GET"]}}],"collection":[{"href":"https:\/\/illotstudio.com\/es\/wp-json\/wp\/v2\/pages"}],"about":[{"href":"https:\/\/illotstudio.com\/es\/wp-json\/wp\/v2\/types\/page"}],"author":[{"embeddable":true,"href":"https:\/\/illotstudio.com\/es\/wp-json\/wp\/v2\/users\/1"}],"replies":[{"embeddable":true,"href":"https:\/\/illotstudio.com\/es\/wp-json\/wp\/v2\/comments?post=4577"}],"version-history":[{"count":1,"href":"https:\/\/illotstudio.com\/es\/wp-json\/wp\/v2\/pages\/4577\/revisions"}],"predecessor-version":[{"id":4578,"href":"https:\/\/illotstudio.com\/es\/wp-json\/wp\/v2\/pages\/4577\/revisions\/4578"}],"wp:attachment":[{"href":"https:\/\/illotstudio.com\/es\/wp-json\/wp\/v2\/media?parent=4577"}],"curies":[{"name":"wp","href":"https:\/\/api.w.org\/{rel}","templated":true}]}}